{"id":8194,"date":"2021-04-13T21:25:34","date_gmt":"2021-04-13T19:25:34","guid":{"rendered":"https:\/\/www.kristynamalovana.com\/?post_type=product&#038;p=8194"},"modified":"2022-08-11T11:24:58","modified_gmt":"2022-08-11T09:24:58","slug":"earings-swing_01","status":"publish","type":"product","link":"https:\/\/www.kristynamalovana.com\/en\/product\/earings-swing_01\/","title":{"rendered":"Earings SWING_01"},"content":{"rendered":"<div id=\"pl-8194\"  class=\"panel-layout\" ><div id=\"pg-8194-0\"  class=\"panel-grid panel-no-style\" ><div id=\"pgc-8194-0-0\"  class=\"panel-grid-cell\" ><div id=\"panel-8194-0-0-0\" class=\"so-panel widget widget_sow-editor panel-first-child panel-last-child\" data-index=\"0\" ><div\n\t\t\t\n\t\t\tclass=\"so-widget-sow-editor so-widget-sow-editor-base\"\n\t\t\t\n\t\t>\n<div class=\"siteorigin-widget-tinymce textwidget\">\n\t<p><span data-sheets-value=\"{&quot;1&quot;:2,&quot;2&quot;:&quot;..Jako na houpa\u010dce. B\u00fdt naho\u0159e ale i dole, obr\u00e1cen\u011b i v rovin\u011b. Hrav\u011b a bezstarostn\u011b. Kolekce m\u00e1 vdechnout nositeli veselost a hravost, navodit pocity, kdy si v\u00edtr hraje vlasy a kdy gravitace neexistuje. Tvar kter\u00fd prov\u00e1z\u00ed kolekci m\u00e1 i houpa\u010dku p\u0159ipom\u00ednat. Kolekce m\u00e1 4 typy - o r\u016fzn\u00fdch tlou\u0161\u0165k\u00e1ch a r\u016fzn\u00fdch typ\u016f \u0161perk\u016f. Limitovan\u00e1 kolekce je origin\u00e1ln\u00ed a elegantn\u00ed ozdobou. 2021&quot;}\" data-sheets-userformat=\"{&quot;2&quot;:15171,&quot;3&quot;:{&quot;1&quot;:0},&quot;4&quot;:[null,2,14281427],&quot;9&quot;:1,&quot;11&quot;:4,&quot;12&quot;:0,&quot;14&quot;:[null,2,1909033],&quot;15&quot;:&quot;Ubuntu&quot;,&quot;16&quot;:10}\">..Jako na houpa\u010dce. B\u00fdt naho\u0159e ale i dole, obr\u00e1cen\u011b i v rovin\u011b. Hrav\u011b a bezstarostn\u011b. Kolekce m\u00e1 vdechnout nositeli veselost a hravost, navodit pocity, kdy si v\u00edtr hraje vlasy a kdy gravitace neexistuje. Tvar kter\u00fd prov\u00e1z\u00ed kolekci m\u00e1 i houpa\u010dku p\u0159ipom\u00ednat. Kolekce m\u00e1 4 typy - o r\u016fzn\u00fdch tlou\u0161\u0165k\u00e1ch a r\u016fzn\u00fdch typ\u016f \u0161perk\u016f. Limitovan\u00e1 kolekce je origin\u00e1ln\u00ed a elegantn\u00ed ozdobou.<\/span><\/p>\n<p><span data-sheets-value=\"{&quot;1&quot;:2,&quot;2&quot;:&quot;..Jako na houpa\u010dce. B\u00fdt naho\u0159e ale i dole, obr\u00e1cen\u011b i v rovin\u011b. Hrav\u011b a bezstarostn\u011b. Kolekce m\u00e1 vdechnout nositeli veselost a hravost, navodit pocity, kdy si v\u00edtr hraje vlasy a kdy gravitace neexistuje. Tvar kter\u00fd prov\u00e1z\u00ed kolekci m\u00e1 i houpa\u010dku p\u0159ipom\u00ednat. Kolekce m\u00e1 4 typy - o r\u016fzn\u00fdch tlou\u0161\u0165k\u00e1ch a r\u016fzn\u00fdch typ\u016f \u0161perk\u016f. Limitovan\u00e1 kolekce je origin\u00e1ln\u00ed a elegantn\u00ed ozdobou. 2021&quot;}\" data-sheets-userformat=\"{&quot;2&quot;:15171,&quot;3&quot;:{&quot;1&quot;:0},&quot;4&quot;:[null,2,14281427],&quot;9&quot;:1,&quot;11&quot;:4,&quot;12&quot;:0,&quot;14&quot;:[null,2,1909033],&quot;15&quot;:&quot;Ubuntu&quot;,&quot;16&quot;:10}\">\u00a0<\/span><\/p>\n<p>2021<\/p>\n<\/div>\n<\/div><\/div><\/div><\/div><\/div>","protected":false},"excerpt":{"rendered":"<p>..Jako na houpa\u010dce. B\u00fdt naho\u0159e ale i dole, obr\u00e1cen\u011b i v rovin\u011b. Hrav\u011b a bezstarostn\u011b. Kolekce m\u00e1 vdechnout nositeli veselost a hravost, navodit pocity, kdy si v\u00edtr hraje vlasy a kdy gravitace neexistuje. Tvar kter\u00fd prov\u00e1z\u00ed kolekci m\u00e1 i houpa\u010dku p\u0159ipom\u00ednat. Kolekce m\u00e1 4 typy &#8211; o r\u016fzn\u00fdch tlou\u0161\u0165k\u00e1ch a r\u016fzn\u00fdch typ\u016f \u0161perk\u016f. Limitovan\u00e1 kolekce [&hellip;]<\/p>\n","protected":false},"featured_media":8364,"template":"","meta":{"inline_featured_image":false,"jetpack_post_was_ever_published":false,"jetpack_publicize_message":"","jetpack_is_tweetstorm":false,"jetpack_publicize_feature_enabled":true,"jetpack_social_post_already_shared":true,"jetpack_social_options":{"image_generator_settings":{"template":"highway","enabled":false}}},"product_cat":[237],"product_tag":[],"class_list":{"0":"post-8194","1":"product","2":"type-product","3":"status-publish","4":"has-post-thumbnail","6":"product_cat-uncategorized","7":"pa_collection-swing-en","8":"pa_material-ag-925-1000-silver","9":"pa_products-earrings","11":"first","12":"instock","13":"shipping-taxable","14":"purchasable","15":"product-type-simple"},"jetpack_publicize_connections":[],"yoast_head":"<!-- This site is optimized with the Yoast SEO plugin v21.7 - https:\/\/yoast.com\/wordpress\/plugins\/seo\/ -->\n<title>Earings SWING_01 | Krist\u00fdna Malovan\u00e1<\/title>\n<meta name=\"robots\" content=\"index, follow, max-snippet:-1, max-image-preview:large, max-video-preview:-1\" \/>\n<link rel=\"canonical\" href=\"https:\/\/www.kristynamalovana.com\/en\/product\/earings-swing_01\/\" \/>\n<meta property=\"og:locale\" content=\"en_US\" \/>\n<meta property=\"og:type\" content=\"article\" \/>\n<meta property=\"og:title\" content=\"Earings SWING_01 | Krist\u00fdna Malovan\u00e1\" \/>\n<meta property=\"og:description\" content=\"..Jako na houpa\u010dce. B\u00fdt naho\u0159e ale i dole, obr\u00e1cen\u011b i v rovin\u011b. Hrav\u011b a bezstarostn\u011b. Kolekce m\u00e1 vdechnout nositeli veselost a hravost, navodit pocity, kdy si v\u00edtr hraje vlasy a kdy gravitace neexistuje. Tvar kter\u00fd prov\u00e1z\u00ed kolekci m\u00e1 i houpa\u010dku p\u0159ipom\u00ednat. Kolekce m\u00e1 4 typy - o r\u016fzn\u00fdch tlou\u0161\u0165k\u00e1ch a r\u016fzn\u00fdch typ\u016f \u0161perk\u016f. Limitovan\u00e1 kolekce [&hellip;]\" \/>\n<meta property=\"og:url\" content=\"https:\/\/www.kristynamalovana.com\/en\/product\/earings-swing_01\/\" \/>\n<meta property=\"og:site_name\" content=\"Krist\u00fdna Malovan\u00e1\" \/>\n<meta property=\"article:publisher\" content=\"https:\/\/www.facebook.com\/Krist%c3%bdna-Malovan%c3%a1-jewellery-1530537500581713\/\" \/>\n<meta property=\"article:modified_time\" content=\"2022-08-11T09:24:58+00:00\" \/>\n<meta property=\"og:image\" content=\"https:\/\/www.kristynamalovana.com\/wp-content\/uploads\/2021\/04\/kristyna_malovana_brezen_2021_1031_-1.jpg\" \/>\n\t<meta property=\"og:image:width\" content=\"1333\" \/>\n\t<meta property=\"og:image:height\" content=\"2000\" \/>\n\t<meta property=\"og:image:type\" content=\"image\/jpeg\" \/>\n<meta name=\"twitter:card\" content=\"summary_large_image\" \/>\n<script type=\"application\/ld+json\" class=\"yoast-schema-graph\">{\"@context\":\"https:\/\/schema.org\",\"@graph\":[{\"@type\":\"WebPage\",\"@id\":\"https:\/\/www.kristynamalovana.com\/en\/product\/earings-swing_01\/\",\"url\":\"https:\/\/www.kristynamalovana.com\/en\/product\/earings-swing_01\/\",\"name\":\"Earings SWING_01 | Krist\u00fdna Malovan\u00e1\",\"isPartOf\":{\"@id\":\"https:\/\/www.kristynamalovana.com\/en\/#website\"},\"datePublished\":\"2021-04-13T19:25:34+00:00\",\"dateModified\":\"2022-08-11T09:24:58+00:00\",\"breadcrumb\":{\"@id\":\"https:\/\/www.kristynamalovana.com\/en\/product\/earings-swing_01\/#breadcrumb\"},\"inLanguage\":\"en-US\",\"potentialAction\":[{\"@type\":\"ReadAction\",\"target\":[\"https:\/\/www.kristynamalovana.com\/en\/product\/earings-swing_01\/\"]}]},{\"@type\":\"BreadcrumbList\",\"@id\":\"https:\/\/www.kristynamalovana.com\/en\/product\/earings-swing_01\/#breadcrumb\",\"itemListElement\":[{\"@type\":\"ListItem\",\"position\":1,\"name\":\"Dom\u016f\",\"item\":\"https:\/\/www.kristynamalovana.com\/en\/\"},{\"@type\":\"ListItem\",\"position\":2,\"name\":\"Eshop\",\"item\":\"https:\/\/www.kristynamalovana.com\/en\/eshop\/\"},{\"@type\":\"ListItem\",\"position\":3,\"name\":\"Earings SWING_01\"}]},{\"@type\":\"WebSite\",\"@id\":\"https:\/\/www.kristynamalovana.com\/en\/#website\",\"url\":\"https:\/\/www.kristynamalovana.com\/en\/\",\"name\":\"Krist\u00fdna Malovan\u00e1\",\"description\":\"popis\",\"potentialAction\":[{\"@type\":\"SearchAction\",\"target\":{\"@type\":\"EntryPoint\",\"urlTemplate\":\"https:\/\/www.kristynamalovana.com\/en\/?s={search_term_string}\"},\"query-input\":\"required name=search_term_string\"}],\"inLanguage\":\"en-US\"}]}<\/script>\n<!-- \/ Yoast SEO plugin. -->","yoast_head_json":{"title":"Earings SWING_01 | Krist\u00fdna Malovan\u00e1","robots":{"index":"index","follow":"follow","max-snippet":"max-snippet:-1","max-image-preview":"max-image-preview:large","max-video-preview":"max-video-preview:-1"},"canonical":"https:\/\/www.kristynamalovana.com\/en\/product\/earings-swing_01\/","og_locale":"en_US","og_type":"article","og_title":"Earings SWING_01 | Krist\u00fdna Malovan\u00e1","og_description":"..Jako na houpa\u010dce. B\u00fdt naho\u0159e ale i dole, obr\u00e1cen\u011b i v rovin\u011b. Hrav\u011b a bezstarostn\u011b. Kolekce m\u00e1 vdechnout nositeli veselost a hravost, navodit pocity, kdy si v\u00edtr hraje vlasy a kdy gravitace neexistuje. Tvar kter\u00fd prov\u00e1z\u00ed kolekci m\u00e1 i houpa\u010dku p\u0159ipom\u00ednat. Kolekce m\u00e1 4 typy - o r\u016fzn\u00fdch tlou\u0161\u0165k\u00e1ch a r\u016fzn\u00fdch typ\u016f \u0161perk\u016f. Limitovan\u00e1 kolekce [&hellip;]","og_url":"https:\/\/www.kristynamalovana.com\/en\/product\/earings-swing_01\/","og_site_name":"Krist\u00fdna Malovan\u00e1","article_publisher":"https:\/\/www.facebook.com\/Krist%c3%bdna-Malovan%c3%a1-jewellery-1530537500581713\/","article_modified_time":"2022-08-11T09:24:58+00:00","og_image":[{"width":1333,"height":2000,"url":"https:\/\/www.kristynamalovana.com\/wp-content\/uploads\/2021\/04\/kristyna_malovana_brezen_2021_1031_-1.jpg","type":"image\/jpeg"}],"twitter_card":"summary_large_image","schema":{"@context":"https:\/\/schema.org","@graph":[{"@type":"WebPage","@id":"https:\/\/www.kristynamalovana.com\/en\/product\/earings-swing_01\/","url":"https:\/\/www.kristynamalovana.com\/en\/product\/earings-swing_01\/","name":"Earings SWING_01 | Krist\u00fdna Malovan\u00e1","isPartOf":{"@id":"https:\/\/www.kristynamalovana.com\/en\/#website"},"datePublished":"2021-04-13T19:25:34+00:00","dateModified":"2022-08-11T09:24:58+00:00","breadcrumb":{"@id":"https:\/\/www.kristynamalovana.com\/en\/product\/earings-swing_01\/#breadcrumb"},"inLanguage":"en-US","potentialAction":[{"@type":"ReadAction","target":["https:\/\/www.kristynamalovana.com\/en\/product\/earings-swing_01\/"]}]},{"@type":"BreadcrumbList","@id":"https:\/\/www.kristynamalovana.com\/en\/product\/earings-swing_01\/#breadcrumb","itemListElement":[{"@type":"ListItem","position":1,"name":"Dom\u016f","item":"https:\/\/www.kristynamalovana.com\/en\/"},{"@type":"ListItem","position":2,"name":"Eshop","item":"https:\/\/www.kristynamalovana.com\/en\/eshop\/"},{"@type":"ListItem","position":3,"name":"Earings SWING_01"}]},{"@type":"WebSite","@id":"https:\/\/www.kristynamalovana.com\/en\/#website","url":"https:\/\/www.kristynamalovana.com\/en\/","name":"Krist\u00fdna Malovan\u00e1","description":"popis","potentialAction":[{"@type":"SearchAction","target":{"@type":"EntryPoint","urlTemplate":"https:\/\/www.kristynamalovana.com\/en\/?s={search_term_string}"},"query-input":"required name=search_term_string"}],"inLanguage":"en-US"}]}},"jetpack_sharing_enabled":true,"_links":{"self":[{"href":"https:\/\/www.kristynamalovana.com\/en\/wp-json\/wp\/v2\/product\/8194","targetHints":{"allow":["GET"]}}],"collection":[{"href":"https:\/\/www.kristynamalovana.com\/en\/wp-json\/wp\/v2\/product"}],"about":[{"href":"https:\/\/www.kristynamalovana.com\/en\/wp-json\/wp\/v2\/types\/product"}],"wp:featuredmedia":[{"embeddable":true,"href":"https:\/\/www.kristynamalovana.com\/en\/wp-json\/wp\/v2\/media\/8364"}],"wp:attachment":[{"href":"https:\/\/www.kristynamalovana.com\/en\/wp-json\/wp\/v2\/media?parent=8194"}],"wp:term":[{"taxonomy":"product_cat","embeddable":true,"href":"https:\/\/www.kristynamalovana.com\/en\/wp-json\/wp\/v2\/product_cat?post=8194"},{"taxonomy":"product_tag","embeddable":true,"href":"https:\/\/www.kristynamalovana.com\/en\/wp-json\/wp\/v2\/product_tag?post=8194"}],"curies":[{"name":"wp","href":"https:\/\/api.w.org\/{rel}","templated":true}]}}