{"id":7257,"date":"2020-10-12T17:02:19","date_gmt":"2020-10-12T15:02:19","guid":{"rendered":"https:\/\/www.kristynamalovana.com\/?post_type=product&#038;p=7257"},"modified":"2022-03-25T16:16:00","modified_gmt":"2022-03-25T14:16:00","slug":"engagement-ring-blue","status":"publish","type":"product","link":"https:\/\/www.kristynamalovana.com\/en\/product\/engagement-ring-blue\/","title":{"rendered":"Engagement ring Blue"},"content":{"rendered":"<p><span style=\"font-weight: 400;\">To express the relationship to the mountains, but also to their lakes, to relationship for Asia, but also the clear language of matter. All this is imprinted on the ring. The result is a slightly art-deco ring in which a blue sapphire resides. Blue from the sky, like a blue request for life together.\u00a0<\/span><\/p>\n<p>&nbsp;<\/p>\n<p><span style=\"font-weight: 400;\">White gold, blue sapphire<\/span><\/p>\n<p><span data-sheets-value=\"{&quot;1&quot;:2,&quot;2&quot;:&quot;Hrav\u00e1 verze v\u00e1\u017en\u00e9 v\u011bci, jako je zasnouben\u00ed. Gran\u00e1t vybrou\u0161en\u00fd do kuli\u010dky se pohybem rozjede po obvodu prstu a prstenu. V jednom m\u00edst\u011b se pozastav\u00ed a to tak, aby byl na ruce hezky vid\u011bt. Prsten, kter\u00fd byl opravdu v\u00fdzvou! Precizn\u00ed zpracov\u00e1n\u00ed umo\u017e\u0148uje, aby byla hravost skute\u010dn\u00e1.n2019&quot;}\" data-sheets-userformat=\"{&quot;2&quot;:15171,&quot;3&quot;:{&quot;1&quot;:0},&quot;4&quot;:[null,2,14281427],&quot;9&quot;:1,&quot;11&quot;:4,&quot;12&quot;:0,&quot;14&quot;:[null,2,1909033],&quot;15&quot;:&quot;Ubuntu&quot;,&quot;16&quot;:10}\">2020<\/span><\/p>\n","protected":false},"excerpt":{"rendered":"<p>To express the relationship to the mountains, but also to their lakes, to relationship for Asia, but also the clear language of matter. All this is imprinted on the ring. The result is a slightly art-deco ring in which a blue sapphire resides. Blue from the sky, like a blue request for life together.\u00a0 &nbsp; [&hellip;]<\/p>\n","protected":false},"featured_media":7259,"template":"","meta":{"inline_featured_image":false,"jetpack_post_was_ever_published":false,"jetpack_publicize_message":"","jetpack_is_tweetstorm":false,"jetpack_publicize_feature_enabled":true,"jetpack_social_post_already_shared":true,"jetpack_social_options":{"image_generator_settings":{"template":"highway","enabled":false}}},"product_cat":[237],"product_tag":[],"class_list":{"0":"post-7257","1":"product","2":"type-product","3":"status-publish","4":"has-post-thumbnail","6":"product_cat-uncategorized","7":"pa_collection-engagement-ring","8":"pa_collection-custom-made","9":"pa_material-au-585-white-gold-14-carats","10":"pa_products-engagement-rings","11":"pa_products-ring","13":"first","14":"onbackorder","15":"shipping-taxable","16":"product-type-simple"},"jetpack_publicize_connections":[],"yoast_head":"<!-- This site is optimized with the Yoast SEO plugin v21.7 - https:\/\/yoast.com\/wordpress\/plugins\/seo\/ -->\n<title>Engagement ring Blue | Krist\u00fdna Malovan\u00e1 _minimalistic jewellery<\/title>\n<meta name=\"robots\" content=\"index, follow, max-snippet:-1, max-image-preview:large, max-video-preview:-1\" \/>\n<link rel=\"canonical\" href=\"https:\/\/www.kristynamalovana.com\/en\/product\/engagement-ring-blue\/\" \/>\n<meta property=\"og:locale\" content=\"en_US\" \/>\n<meta property=\"og:type\" content=\"article\" \/>\n<meta property=\"og:title\" content=\"Engagement ring Blue | Krist\u00fdna Malovan\u00e1 _minimalistic jewellery\" \/>\n<meta property=\"og:description\" content=\"To express the relationship to the mountains, but also to their lakes, to relationship for Asia, but also the clear language of matter. All this is imprinted on the ring. The result is a slightly art-deco ring in which a blue sapphire resides. Blue from the sky, like a blue request for life together.\u00a0 &nbsp; [&hellip;]\" \/>\n<meta property=\"og:url\" content=\"https:\/\/www.kristynamalovana.com\/en\/product\/engagement-ring-blue\/\" \/>\n<meta property=\"og:site_name\" content=\"Krist\u00fdna Malovan\u00e1\" \/>\n<meta property=\"article:publisher\" content=\"https:\/\/www.facebook.com\/Krist%c3%bdna-Malovan%c3%a1-jewellery-1530537500581713\/\" \/>\n<meta property=\"article:modified_time\" content=\"2022-03-25T14:16:00+00:00\" \/>\n<meta property=\"og:image\" content=\"https:\/\/www.kristynamalovana.com\/wp-content\/uploads\/2020\/10\/Prsten_01A_M.jpg\" \/>\n\t<meta property=\"og:image:width\" content=\"2000\" \/>\n\t<meta property=\"og:image:height\" content=\"1335\" \/>\n\t<meta property=\"og:image:type\" content=\"image\/jpeg\" \/>\n<meta name=\"twitter:card\" content=\"summary_large_image\" \/>\n<script type=\"application\/ld+json\" class=\"yoast-schema-graph\">{\"@context\":\"https:\/\/schema.org\",\"@graph\":[{\"@type\":\"WebPage\",\"@id\":\"https:\/\/www.kristynamalovana.com\/en\/product\/engagement-ring-blue\/\",\"url\":\"https:\/\/www.kristynamalovana.com\/en\/product\/engagement-ring-blue\/\",\"name\":\"Engagement ring Blue | Krist\u00fdna Malovan\u00e1 _minimalistic jewellery\",\"isPartOf\":{\"@id\":\"https:\/\/www.kristynamalovana.com\/en\/#website\"},\"datePublished\":\"2020-10-12T15:02:19+00:00\",\"dateModified\":\"2022-03-25T14:16:00+00:00\",\"breadcrumb\":{\"@id\":\"https:\/\/www.kristynamalovana.com\/en\/product\/engagement-ring-blue\/#breadcrumb\"},\"inLanguage\":\"en-US\",\"potentialAction\":[{\"@type\":\"ReadAction\",\"target\":[\"https:\/\/www.kristynamalovana.com\/en\/product\/engagement-ring-blue\/\"]}]},{\"@type\":\"BreadcrumbList\",\"@id\":\"https:\/\/www.kristynamalovana.com\/en\/product\/engagement-ring-blue\/#breadcrumb\",\"itemListElement\":[{\"@type\":\"ListItem\",\"position\":1,\"name\":\"Dom\u016f\",\"item\":\"https:\/\/www.kristynamalovana.com\/en\/\"},{\"@type\":\"ListItem\",\"position\":2,\"name\":\"Eshop\",\"item\":\"https:\/\/www.kristynamalovana.com\/en\/eshop\/\"},{\"@type\":\"ListItem\",\"position\":3,\"name\":\"Engagement ring Blue\"}]},{\"@type\":\"WebSite\",\"@id\":\"https:\/\/www.kristynamalovana.com\/en\/#website\",\"url\":\"https:\/\/www.kristynamalovana.com\/en\/\",\"name\":\"Krist\u00fdna Malovan\u00e1\",\"description\":\"popis\",\"potentialAction\":[{\"@type\":\"SearchAction\",\"target\":{\"@type\":\"EntryPoint\",\"urlTemplate\":\"https:\/\/www.kristynamalovana.com\/en\/?s={search_term_string}\"},\"query-input\":\"required name=search_term_string\"}],\"inLanguage\":\"en-US\"}]}<\/script>\n<!-- \/ Yoast SEO plugin. -->","yoast_head_json":{"title":"Engagement ring Blue | Krist\u00fdna Malovan\u00e1 _minimalistic jewellery","robots":{"index":"index","follow":"follow","max-snippet":"max-snippet:-1","max-image-preview":"max-image-preview:large","max-video-preview":"max-video-preview:-1"},"canonical":"https:\/\/www.kristynamalovana.com\/en\/product\/engagement-ring-blue\/","og_locale":"en_US","og_type":"article","og_title":"Engagement ring Blue | Krist\u00fdna Malovan\u00e1 _minimalistic jewellery","og_description":"To express the relationship to the mountains, but also to their lakes, to relationship for Asia, but also the clear language of matter. All this is imprinted on the ring. The result is a slightly art-deco ring in which a blue sapphire resides. Blue from the sky, like a blue request for life together.\u00a0 &nbsp; [&hellip;]","og_url":"https:\/\/www.kristynamalovana.com\/en\/product\/engagement-ring-blue\/","og_site_name":"Krist\u00fdna Malovan\u00e1","article_publisher":"https:\/\/www.facebook.com\/Krist%c3%bdna-Malovan%c3%a1-jewellery-1530537500581713\/","article_modified_time":"2022-03-25T14:16:00+00:00","og_image":[{"width":2000,"height":1335,"url":"https:\/\/www.kristynamalovana.com\/wp-content\/uploads\/2020\/10\/Prsten_01A_M.jpg","type":"image\/jpeg"}],"twitter_card":"summary_large_image","schema":{"@context":"https:\/\/schema.org","@graph":[{"@type":"WebPage","@id":"https:\/\/www.kristynamalovana.com\/en\/product\/engagement-ring-blue\/","url":"https:\/\/www.kristynamalovana.com\/en\/product\/engagement-ring-blue\/","name":"Engagement ring Blue | Krist\u00fdna Malovan\u00e1 _minimalistic jewellery","isPartOf":{"@id":"https:\/\/www.kristynamalovana.com\/en\/#website"},"datePublished":"2020-10-12T15:02:19+00:00","dateModified":"2022-03-25T14:16:00+00:00","breadcrumb":{"@id":"https:\/\/www.kristynamalovana.com\/en\/product\/engagement-ring-blue\/#breadcrumb"},"inLanguage":"en-US","potentialAction":[{"@type":"ReadAction","target":["https:\/\/www.kristynamalovana.com\/en\/product\/engagement-ring-blue\/"]}]},{"@type":"BreadcrumbList","@id":"https:\/\/www.kristynamalovana.com\/en\/product\/engagement-ring-blue\/#breadcrumb","itemListElement":[{"@type":"ListItem","position":1,"name":"Dom\u016f","item":"https:\/\/www.kristynamalovana.com\/en\/"},{"@type":"ListItem","position":2,"name":"Eshop","item":"https:\/\/www.kristynamalovana.com\/en\/eshop\/"},{"@type":"ListItem","position":3,"name":"Engagement ring Blue"}]},{"@type":"WebSite","@id":"https:\/\/www.kristynamalovana.com\/en\/#website","url":"https:\/\/www.kristynamalovana.com\/en\/","name":"Krist\u00fdna Malovan\u00e1","description":"popis","potentialAction":[{"@type":"SearchAction","target":{"@type":"EntryPoint","urlTemplate":"https:\/\/www.kristynamalovana.com\/en\/?s={search_term_string}"},"query-input":"required name=search_term_string"}],"inLanguage":"en-US"}]}},"jetpack_sharing_enabled":true,"_links":{"self":[{"href":"https:\/\/www.kristynamalovana.com\/en\/wp-json\/wp\/v2\/product\/7257","targetHints":{"allow":["GET"]}}],"collection":[{"href":"https:\/\/www.kristynamalovana.com\/en\/wp-json\/wp\/v2\/product"}],"about":[{"href":"https:\/\/www.kristynamalovana.com\/en\/wp-json\/wp\/v2\/types\/product"}],"wp:featuredmedia":[{"embeddable":true,"href":"https:\/\/www.kristynamalovana.com\/en\/wp-json\/wp\/v2\/media\/7259"}],"wp:attachment":[{"href":"https:\/\/www.kristynamalovana.com\/en\/wp-json\/wp\/v2\/media?parent=7257"}],"wp:term":[{"taxonomy":"product_cat","embeddable":true,"href":"https:\/\/www.kristynamalovana.com\/en\/wp-json\/wp\/v2\/product_cat?post=7257"},{"taxonomy":"product_tag","embeddable":true,"href":"https:\/\/www.kristynamalovana.com\/en\/wp-json\/wp\/v2\/product_tag?post=7257"}],"curies":[{"name":"wp","href":"https:\/\/api.w.org\/{rel}","templated":true}]}}