{"id":6100,"date":"2020-03-13T14:55:20","date_gmt":"2020-03-13T12:55:20","guid":{"rendered":"https:\/\/www.kristynamalovana.com\/?post_type=product&#038;p=6100"},"modified":"2022-02-21T10:16:20","modified_gmt":"2022-02-21T08:16:20","slug":"grand-set-de-cafe-noble","status":"publish","type":"product","link":"https:\/\/www.kristynamalovana.com\/en\/product\/grand-set-de-cafe-noble\/","title":{"rendered":"Grand set de caf\u00e9 noble"},"content":{"rendered":"<div id=\"pl-6100\"  class=\"panel-layout\" ><div id=\"pg-6100-0\"  class=\"panel-grid panel-no-style\" ><div id=\"pgc-6100-0-0\"  class=\"panel-grid-cell\" ><div id=\"panel-6100-0-0-0\" class=\"so-panel widget widget_sow-editor panel-first-child panel-last-child\" data-index=\"0\" ><div\n\t\t\t\n\t\t\tclass=\"so-widget-sow-editor so-widget-sow-editor-base\"\n\t\t\t\n\t\t>\n<div class=\"siteorigin-widget-tinymce textwidget\">\n\t<p>Bigger sibling to Set de caf\u00e9 noble. A special connection between two different materials, noble and warm stained oak wood and French porcelain. Handmade and strong in details. The wood could be on order as well in mahogany wood and exclusively in black oak wood.<\/p>\n<p>2015<\/p>\n<\/div>\n<\/div><\/div><\/div><\/div><\/div>","protected":false},"excerpt":{"rendered":"<p>Bigger sibling to Set de caf\u00e9 noble. A special connection between two different materials, noble and warm stained oak wood and French porcelain. Handmade and strong in details. The wood could be on order as well in mahogany wood and exclusively in black oak wood. 2015<\/p>\n","protected":false},"featured_media":5887,"template":"","meta":{"inline_featured_image":false,"jetpack_post_was_ever_published":false,"jetpack_publicize_message":"","jetpack_is_tweetstorm":false,"jetpack_publicize_feature_enabled":true,"jetpack_social_post_already_shared":true,"jetpack_social_options":{"image_generator_settings":{"template":"highway","enabled":false}}},"product_cat":[237],"product_tag":[],"class_list":{"0":"post-6100","1":"product","2":"type-product","3":"status-publish","4":"has-post-thumbnail","6":"product_cat-uncategorized","7":"pa_material-porcelain","8":"pa_material-wood","9":"pa_products-dining","11":"first","12":"instock","13":"shipping-taxable","14":"purchasable","15":"product-type-simple"},"jetpack_publicize_connections":[],"yoast_head":"<!-- This site is optimized with the Yoast SEO plugin v21.7 - https:\/\/yoast.com\/wordpress\/plugins\/seo\/ -->\n<title>Grand set de caf\u00e9 noble | Krist\u00fdna Malovan\u00e1_minimalistic jewellery<\/title>\n<meta name=\"robots\" content=\"index, follow, max-snippet:-1, max-image-preview:large, max-video-preview:-1\" \/>\n<link rel=\"canonical\" href=\"https:\/\/www.kristynamalovana.com\/en\/product\/grand-set-de-cafe-noble\/\" \/>\n<meta property=\"og:locale\" content=\"en_US\" \/>\n<meta property=\"og:type\" content=\"article\" \/>\n<meta property=\"og:title\" content=\"Grand set de caf\u00e9 noble | Krist\u00fdna Malovan\u00e1_minimalistic jewellery\" \/>\n<meta property=\"og:description\" content=\"Bigger sibling to Set de caf\u00e9 noble. A special connection between two different materials, noble and warm stained oak wood and French porcelain. Handmade and strong in details. The wood could be on order as well in mahogany wood and exclusively in black oak wood. 2015\" \/>\n<meta property=\"og:url\" content=\"https:\/\/www.kristynamalovana.com\/en\/product\/grand-set-de-cafe-noble\/\" \/>\n<meta property=\"og:site_name\" content=\"Krist\u00fdna Malovan\u00e1\" \/>\n<meta property=\"article:publisher\" content=\"https:\/\/www.facebook.com\/Krist%c3%bdna-Malovan%c3%a1-jewellery-1530537500581713\/\" \/>\n<meta property=\"article:modified_time\" content=\"2022-02-21T08:16:20+00:00\" \/>\n<meta property=\"og:image\" content=\"https:\/\/www.kristynamalovana.com\/wp-content\/uploads\/2020\/03\/grand-03-scaled.jpg\" \/>\n\t<meta property=\"og:image:width\" content=\"2560\" \/>\n\t<meta property=\"og:image:height\" content=\"1707\" \/>\n\t<meta property=\"og:image:type\" content=\"image\/jpeg\" \/>\n<meta name=\"twitter:card\" content=\"summary_large_image\" \/>\n<script type=\"application\/ld+json\" class=\"yoast-schema-graph\">{\"@context\":\"https:\/\/schema.org\",\"@graph\":[{\"@type\":\"WebPage\",\"@id\":\"https:\/\/www.kristynamalovana.com\/en\/product\/grand-set-de-cafe-noble\/\",\"url\":\"https:\/\/www.kristynamalovana.com\/en\/product\/grand-set-de-cafe-noble\/\",\"name\":\"Grand set de caf\u00e9 noble | Krist\u00fdna Malovan\u00e1_minimalistic jewellery\",\"isPartOf\":{\"@id\":\"https:\/\/www.kristynamalovana.com\/en\/#website\"},\"datePublished\":\"2020-03-13T12:55:20+00:00\",\"dateModified\":\"2022-02-21T08:16:20+00:00\",\"breadcrumb\":{\"@id\":\"https:\/\/www.kristynamalovana.com\/en\/product\/grand-set-de-cafe-noble\/#breadcrumb\"},\"inLanguage\":\"en-US\",\"potentialAction\":[{\"@type\":\"ReadAction\",\"target\":[\"https:\/\/www.kristynamalovana.com\/en\/product\/grand-set-de-cafe-noble\/\"]}]},{\"@type\":\"BreadcrumbList\",\"@id\":\"https:\/\/www.kristynamalovana.com\/en\/product\/grand-set-de-cafe-noble\/#breadcrumb\",\"itemListElement\":[{\"@type\":\"ListItem\",\"position\":1,\"name\":\"Dom\u016f\",\"item\":\"https:\/\/www.kristynamalovana.com\/en\/\"},{\"@type\":\"ListItem\",\"position\":2,\"name\":\"Eshop\",\"item\":\"https:\/\/www.kristynamalovana.com\/en\/eshop\/\"},{\"@type\":\"ListItem\",\"position\":3,\"name\":\"Grand set de caf\u00e9 noble\"}]},{\"@type\":\"WebSite\",\"@id\":\"https:\/\/www.kristynamalovana.com\/en\/#website\",\"url\":\"https:\/\/www.kristynamalovana.com\/en\/\",\"name\":\"Krist\u00fdna Malovan\u00e1\",\"description\":\"popis\",\"potentialAction\":[{\"@type\":\"SearchAction\",\"target\":{\"@type\":\"EntryPoint\",\"urlTemplate\":\"https:\/\/www.kristynamalovana.com\/en\/?s={search_term_string}\"},\"query-input\":\"required name=search_term_string\"}],\"inLanguage\":\"en-US\"}]}<\/script>\n<!-- \/ Yoast SEO plugin. -->","yoast_head_json":{"title":"Grand set de caf\u00e9 noble | Krist\u00fdna Malovan\u00e1_minimalistic jewellery","robots":{"index":"index","follow":"follow","max-snippet":"max-snippet:-1","max-image-preview":"max-image-preview:large","max-video-preview":"max-video-preview:-1"},"canonical":"https:\/\/www.kristynamalovana.com\/en\/product\/grand-set-de-cafe-noble\/","og_locale":"en_US","og_type":"article","og_title":"Grand set de caf\u00e9 noble | Krist\u00fdna Malovan\u00e1_minimalistic jewellery","og_description":"Bigger sibling to Set de caf\u00e9 noble. A special connection between two different materials, noble and warm stained oak wood and French porcelain. Handmade and strong in details. The wood could be on order as well in mahogany wood and exclusively in black oak wood. 2015","og_url":"https:\/\/www.kristynamalovana.com\/en\/product\/grand-set-de-cafe-noble\/","og_site_name":"Krist\u00fdna Malovan\u00e1","article_publisher":"https:\/\/www.facebook.com\/Krist%c3%bdna-Malovan%c3%a1-jewellery-1530537500581713\/","article_modified_time":"2022-02-21T08:16:20+00:00","og_image":[{"width":2560,"height":1707,"url":"https:\/\/www.kristynamalovana.com\/wp-content\/uploads\/2020\/03\/grand-03-scaled.jpg","type":"image\/jpeg"}],"twitter_card":"summary_large_image","schema":{"@context":"https:\/\/schema.org","@graph":[{"@type":"WebPage","@id":"https:\/\/www.kristynamalovana.com\/en\/product\/grand-set-de-cafe-noble\/","url":"https:\/\/www.kristynamalovana.com\/en\/product\/grand-set-de-cafe-noble\/","name":"Grand set de caf\u00e9 noble | Krist\u00fdna Malovan\u00e1_minimalistic jewellery","isPartOf":{"@id":"https:\/\/www.kristynamalovana.com\/en\/#website"},"datePublished":"2020-03-13T12:55:20+00:00","dateModified":"2022-02-21T08:16:20+00:00","breadcrumb":{"@id":"https:\/\/www.kristynamalovana.com\/en\/product\/grand-set-de-cafe-noble\/#breadcrumb"},"inLanguage":"en-US","potentialAction":[{"@type":"ReadAction","target":["https:\/\/www.kristynamalovana.com\/en\/product\/grand-set-de-cafe-noble\/"]}]},{"@type":"BreadcrumbList","@id":"https:\/\/www.kristynamalovana.com\/en\/product\/grand-set-de-cafe-noble\/#breadcrumb","itemListElement":[{"@type":"ListItem","position":1,"name":"Dom\u016f","item":"https:\/\/www.kristynamalovana.com\/en\/"},{"@type":"ListItem","position":2,"name":"Eshop","item":"https:\/\/www.kristynamalovana.com\/en\/eshop\/"},{"@type":"ListItem","position":3,"name":"Grand set de caf\u00e9 noble"}]},{"@type":"WebSite","@id":"https:\/\/www.kristynamalovana.com\/en\/#website","url":"https:\/\/www.kristynamalovana.com\/en\/","name":"Krist\u00fdna Malovan\u00e1","description":"popis","potentialAction":[{"@type":"SearchAction","target":{"@type":"EntryPoint","urlTemplate":"https:\/\/www.kristynamalovana.com\/en\/?s={search_term_string}"},"query-input":"required name=search_term_string"}],"inLanguage":"en-US"}]}},"jetpack_sharing_enabled":true,"_links":{"self":[{"href":"https:\/\/www.kristynamalovana.com\/en\/wp-json\/wp\/v2\/product\/6100","targetHints":{"allow":["GET"]}}],"collection":[{"href":"https:\/\/www.kristynamalovana.com\/en\/wp-json\/wp\/v2\/product"}],"about":[{"href":"https:\/\/www.kristynamalovana.com\/en\/wp-json\/wp\/v2\/types\/product"}],"wp:featuredmedia":[{"embeddable":true,"href":"https:\/\/www.kristynamalovana.com\/en\/wp-json\/wp\/v2\/media\/5887"}],"wp:attachment":[{"href":"https:\/\/www.kristynamalovana.com\/en\/wp-json\/wp\/v2\/media?parent=6100"}],"wp:term":[{"taxonomy":"product_cat","embeddable":true,"href":"https:\/\/www.kristynamalovana.com\/en\/wp-json\/wp\/v2\/product_cat?post=6100"},{"taxonomy":"product_tag","embeddable":true,"href":"https:\/\/www.kristynamalovana.com\/en\/wp-json\/wp\/v2\/product_tag?post=6100"}],"curies":[{"name":"wp","href":"https:\/\/api.w.org\/{rel}","templated":true}]}}