{"id":4790,"date":"2019-05-28T22:02:31","date_gmt":"2019-05-28T20:02:31","guid":{"rendered":"https:\/\/www.kristynamalovana.com\/?post_type=product&#038;p=4790"},"modified":"2019-05-31T16:48:11","modified_gmt":"2019-05-31T14:48:11","slug":"combination_3-ring","status":"publish","type":"product","link":"https:\/\/www.kristynamalovana.com\/en\/product\/combination_3-ring\/","title":{"rendered":"Combination_3 ring"},"content":{"rendered":"<p><span data-sheets-value=\"{&quot;1&quot;:2,&quot;2&quot;:&quot;R\u00e1di kombinujete, navy\u0161ujete a spojujete? Nebo V\u00e1s bav\u00ed st\u0159\u00eddat prsteny, m\u00edt na ka\u017ed\u00e9m prost\u011b jeden? M\u016f\u017eete! n2019&quot;}\" data-sheets-userformat=\"{&quot;2&quot;:15171,&quot;3&quot;:{&quot;1&quot;:0},&quot;4&quot;:[null,2,14281427],&quot;9&quot;:1,&quot;11&quot;:4,&quot;12&quot;:0,&quot;14&quot;:[null,2,1909033],&quot;15&quot;:&quot;Ubuntu&quot;,&quot;16&quot;:10}\">R\u00e1di kombinujete, navy\u0161ujete a spojujete? Nebo V\u00e1s bav\u00ed st\u0159\u00eddat prsteny, m\u00edt na ka\u017ed\u00e9m prost\u011b jeden? M\u016f\u017eete! <\/span><\/p>\n<p><span data-sheets-value=\"{&quot;1&quot;:2,&quot;2&quot;:&quot;R\u00e1di kombinujete, navy\u0161ujete a spojujete? Nebo V\u00e1s bav\u00ed st\u0159\u00eddat prsteny, m\u00edt na ka\u017ed\u00e9m prost\u011b jeden? M\u016f\u017eete! n2019&quot;}\" data-sheets-userformat=\"{&quot;2&quot;:15171,&quot;3&quot;:{&quot;1&quot;:0},&quot;4&quot;:[null,2,14281427],&quot;9&quot;:1,&quot;11&quot;:4,&quot;12&quot;:0,&quot;14&quot;:[null,2,1909033],&quot;15&quot;:&quot;Ubuntu&quot;,&quot;16&quot;:10}\">2019<\/span><\/p>\n","protected":false},"excerpt":{"rendered":"<p>R\u00e1di kombinujete, navy\u0161ujete a spojujete? Nebo V\u00e1s bav\u00ed st\u0159\u00eddat prsteny, m\u00edt na ka\u017ed\u00e9m prost\u011b jeden? M\u016f\u017eete! 2019<\/p>\n","protected":false},"featured_media":4899,"template":"","meta":{"inline_featured_image":false,"jetpack_post_was_ever_published":false,"jetpack_publicize_message":"","jetpack_is_tweetstorm":false,"jetpack_publicize_feature_enabled":true,"jetpack_social_post_already_shared":true,"jetpack_social_options":{"image_generator_settings":{"template":"highway","enabled":false}}},"product_cat":[237],"product_tag":[],"class_list":{"0":"post-4790","1":"product","2":"type-product","3":"status-publish","4":"has-post-thumbnail","6":"product_cat-uncategorized","7":"pa_circumference-62","8":"pa_circumference-63","9":"pa_circumference-64","10":"pa_circumference-65","11":"pa_circumference-66","12":"pa_circumference-67","13":"pa_circumference-68","14":"pa_circumference-69","15":"pa_circumference-70","16":"pa_circumference-71","17":"pa_circumference-72","18":"pa_collection-combination","19":"pa_material-ag-925-1000-silver","20":"pa_material-silver","21":"pa_products-ring","23":"first","24":"instock","25":"shipping-taxable","26":"purchasable","27":"product-type-variable"},"jetpack_publicize_connections":[],"yoast_head":"<!-- This site is optimized with the Yoast SEO plugin v21.7 - https:\/\/yoast.com\/wordpress\/plugins\/seo\/ -->\n<title>Combination_3 ring | Krist\u00fdna Malovan\u00e1_minimalistic jewellery<\/title>\n<meta name=\"robots\" content=\"index, follow, max-snippet:-1, max-image-preview:large, max-video-preview:-1\" \/>\n<link rel=\"canonical\" href=\"https:\/\/www.kristynamalovana.com\/en\/product\/combination_3-ring\/\" \/>\n<meta property=\"og:locale\" content=\"en_US\" \/>\n<meta property=\"og:type\" content=\"article\" \/>\n<meta property=\"og:title\" content=\"Combination_3 ring | Krist\u00fdna Malovan\u00e1_minimalistic jewellery\" \/>\n<meta property=\"og:description\" content=\"R\u00e1di kombinujete, navy\u0161ujete a spojujete? Nebo V\u00e1s bav\u00ed st\u0159\u00eddat prsteny, m\u00edt na ka\u017ed\u00e9m prost\u011b jeden? M\u016f\u017eete! 2019\" \/>\n<meta property=\"og:url\" content=\"https:\/\/www.kristynamalovana.com\/en\/product\/combination_3-ring\/\" \/>\n<meta property=\"og:site_name\" content=\"Krist\u00fdna Malovan\u00e1\" \/>\n<meta property=\"article:publisher\" content=\"https:\/\/www.facebook.com\/Krist%c3%bdna-Malovan%c3%a1-jewellery-1530537500581713\/\" \/>\n<meta property=\"article:modified_time\" content=\"2019-05-31T14:48:11+00:00\" \/>\n<meta property=\"og:image\" content=\"https:\/\/www.kristynamalovana.com\/wp-content\/uploads\/2019\/05\/Kristyna_sperky_3000_HiRes-scaled.jpg\" \/>\n\t<meta property=\"og:image:width\" content=\"2560\" \/>\n\t<meta property=\"og:image:height\" content=\"1707\" \/>\n\t<meta property=\"og:image:type\" content=\"image\/jpeg\" \/>\n<meta name=\"twitter:card\" content=\"summary_large_image\" \/>\n<script type=\"application\/ld+json\" class=\"yoast-schema-graph\">{\"@context\":\"https:\/\/schema.org\",\"@graph\":[{\"@type\":\"WebPage\",\"@id\":\"https:\/\/www.kristynamalovana.com\/en\/product\/combination_3-ring\/\",\"url\":\"https:\/\/www.kristynamalovana.com\/en\/product\/combination_3-ring\/\",\"name\":\"Combination_3 ring | Krist\u00fdna Malovan\u00e1_minimalistic jewellery\",\"isPartOf\":{\"@id\":\"https:\/\/www.kristynamalovana.com\/en\/#website\"},\"datePublished\":\"2019-05-28T20:02:31+00:00\",\"dateModified\":\"2019-05-31T14:48:11+00:00\",\"breadcrumb\":{\"@id\":\"https:\/\/www.kristynamalovana.com\/en\/product\/combination_3-ring\/#breadcrumb\"},\"inLanguage\":\"en-US\",\"potentialAction\":[{\"@type\":\"ReadAction\",\"target\":[\"https:\/\/www.kristynamalovana.com\/en\/product\/combination_3-ring\/\"]}]},{\"@type\":\"BreadcrumbList\",\"@id\":\"https:\/\/www.kristynamalovana.com\/en\/product\/combination_3-ring\/#breadcrumb\",\"itemListElement\":[{\"@type\":\"ListItem\",\"position\":1,\"name\":\"Dom\u016f\",\"item\":\"https:\/\/www.kristynamalovana.com\/en\/\"},{\"@type\":\"ListItem\",\"position\":2,\"name\":\"Eshop\",\"item\":\"https:\/\/www.kristynamalovana.com\/en\/eshop\/\"},{\"@type\":\"ListItem\",\"position\":3,\"name\":\"Combination_3 ring\"}]},{\"@type\":\"WebSite\",\"@id\":\"https:\/\/www.kristynamalovana.com\/en\/#website\",\"url\":\"https:\/\/www.kristynamalovana.com\/en\/\",\"name\":\"Krist\u00fdna Malovan\u00e1\",\"description\":\"popis\",\"potentialAction\":[{\"@type\":\"SearchAction\",\"target\":{\"@type\":\"EntryPoint\",\"urlTemplate\":\"https:\/\/www.kristynamalovana.com\/en\/?s={search_term_string}\"},\"query-input\":\"required name=search_term_string\"}],\"inLanguage\":\"en-US\"}]}<\/script>\n<!-- \/ Yoast SEO plugin. -->","yoast_head_json":{"title":"Combination_3 ring | Krist\u00fdna Malovan\u00e1_minimalistic jewellery","robots":{"index":"index","follow":"follow","max-snippet":"max-snippet:-1","max-image-preview":"max-image-preview:large","max-video-preview":"max-video-preview:-1"},"canonical":"https:\/\/www.kristynamalovana.com\/en\/product\/combination_3-ring\/","og_locale":"en_US","og_type":"article","og_title":"Combination_3 ring | Krist\u00fdna Malovan\u00e1_minimalistic jewellery","og_description":"R\u00e1di kombinujete, navy\u0161ujete a spojujete? Nebo V\u00e1s bav\u00ed st\u0159\u00eddat prsteny, m\u00edt na ka\u017ed\u00e9m prost\u011b jeden? M\u016f\u017eete! 2019","og_url":"https:\/\/www.kristynamalovana.com\/en\/product\/combination_3-ring\/","og_site_name":"Krist\u00fdna Malovan\u00e1","article_publisher":"https:\/\/www.facebook.com\/Krist%c3%bdna-Malovan%c3%a1-jewellery-1530537500581713\/","article_modified_time":"2019-05-31T14:48:11+00:00","og_image":[{"width":2560,"height":1707,"url":"https:\/\/www.kristynamalovana.com\/wp-content\/uploads\/2019\/05\/Kristyna_sperky_3000_HiRes-scaled.jpg","type":"image\/jpeg"}],"twitter_card":"summary_large_image","schema":{"@context":"https:\/\/schema.org","@graph":[{"@type":"WebPage","@id":"https:\/\/www.kristynamalovana.com\/en\/product\/combination_3-ring\/","url":"https:\/\/www.kristynamalovana.com\/en\/product\/combination_3-ring\/","name":"Combination_3 ring | Krist\u00fdna Malovan\u00e1_minimalistic jewellery","isPartOf":{"@id":"https:\/\/www.kristynamalovana.com\/en\/#website"},"datePublished":"2019-05-28T20:02:31+00:00","dateModified":"2019-05-31T14:48:11+00:00","breadcrumb":{"@id":"https:\/\/www.kristynamalovana.com\/en\/product\/combination_3-ring\/#breadcrumb"},"inLanguage":"en-US","potentialAction":[{"@type":"ReadAction","target":["https:\/\/www.kristynamalovana.com\/en\/product\/combination_3-ring\/"]}]},{"@type":"BreadcrumbList","@id":"https:\/\/www.kristynamalovana.com\/en\/product\/combination_3-ring\/#breadcrumb","itemListElement":[{"@type":"ListItem","position":1,"name":"Dom\u016f","item":"https:\/\/www.kristynamalovana.com\/en\/"},{"@type":"ListItem","position":2,"name":"Eshop","item":"https:\/\/www.kristynamalovana.com\/en\/eshop\/"},{"@type":"ListItem","position":3,"name":"Combination_3 ring"}]},{"@type":"WebSite","@id":"https:\/\/www.kristynamalovana.com\/en\/#website","url":"https:\/\/www.kristynamalovana.com\/en\/","name":"Krist\u00fdna Malovan\u00e1","description":"popis","potentialAction":[{"@type":"SearchAction","target":{"@type":"EntryPoint","urlTemplate":"https:\/\/www.kristynamalovana.com\/en\/?s={search_term_string}"},"query-input":"required name=search_term_string"}],"inLanguage":"en-US"}]}},"jetpack_sharing_enabled":true,"_links":{"self":[{"href":"https:\/\/www.kristynamalovana.com\/en\/wp-json\/wp\/v2\/product\/4790","targetHints":{"allow":["GET"]}}],"collection":[{"href":"https:\/\/www.kristynamalovana.com\/en\/wp-json\/wp\/v2\/product"}],"about":[{"href":"https:\/\/www.kristynamalovana.com\/en\/wp-json\/wp\/v2\/types\/product"}],"wp:featuredmedia":[{"embeddable":true,"href":"https:\/\/www.kristynamalovana.com\/en\/wp-json\/wp\/v2\/media\/4899"}],"wp:attachment":[{"href":"https:\/\/www.kristynamalovana.com\/en\/wp-json\/wp\/v2\/media?parent=4790"}],"wp:term":[{"taxonomy":"product_cat","embeddable":true,"href":"https:\/\/www.kristynamalovana.com\/en\/wp-json\/wp\/v2\/product_cat?post=4790"},{"taxonomy":"product_tag","embeddable":true,"href":"https:\/\/www.kristynamalovana.com\/en\/wp-json\/wp\/v2\/product_tag?post=4790"}],"curies":[{"name":"wp","href":"https:\/\/api.w.org\/{rel}","templated":true}]}}