{"id":4601,"date":"2019-05-28T21:12:05","date_gmt":"2019-05-28T19:12:05","guid":{"rendered":"https:\/\/www.kristynamalovana.com\/?post_type=product&#038;p=4601"},"modified":"2021-03-21T15:42:00","modified_gmt":"2021-03-21T13:42:00","slug":"random-bracelet","status":"publish","type":"product","link":"https:\/\/www.kristynamalovana.com\/en\/product\/random-bracelet\/","title":{"rendered":"Random bracelet"},"content":{"rendered":"<div id=\"pl-4601\"  class=\"panel-layout\" ><div id=\"pg-4601-0\"  class=\"panel-grid panel-no-style\" ><div id=\"pgc-4601-0-0\"  class=\"panel-grid-cell\" ><div id=\"panel-4601-0-0-0\" class=\"so-panel widget widget_sow-editor panel-first-child panel-last-child\" data-index=\"0\" ><div\n\t\t\t\n\t\t\tclass=\"so-widget-sow-editor so-widget-sow-editor-base\"\n\t\t\t\n\t\t>\n<div class=\"siteorigin-widget-tinymce textwidget\">\n\t<p><span data-sheets-value=\"{&quot;1&quot;:2,&quot;2&quot;:&quot;Pro radost! Tvary, kopce, vlnky, hra.. Ka\u017ed\u00fd kus je origin\u00e1l, ru\u010dn\u011b vyr\u00e1b\u011bn\u00fd.n2019&quot;}\" data-sheets-userformat=\"{&quot;2&quot;:15171,&quot;3&quot;:{&quot;1&quot;:0},&quot;4&quot;:[null,2,14281427],&quot;9&quot;:1,&quot;11&quot;:4,&quot;12&quot;:0,&quot;14&quot;:[null,2,1909033],&quot;15&quot;:&quot;Ubuntu&quot;,&quot;16&quot;:10}\">For happiness! Shapes, hills, ripples, game .. Each piece is original, handmade.<\/span><\/p>\n<p><span data-sheets-value=\"{&quot;1&quot;:2,&quot;2&quot;:&quot;Pro radost! Tvary, kopce, vlnky, hra.. Ka\u017ed\u00fd kus je origin\u00e1l, ru\u010dn\u011b vyr\u00e1b\u011bn\u00fd.n2019&quot;}\" data-sheets-userformat=\"{&quot;2&quot;:15171,&quot;3&quot;:{&quot;1&quot;:0},&quot;4&quot;:[null,2,14281427],&quot;9&quot;:1,&quot;11&quot;:4,&quot;12&quot;:0,&quot;14&quot;:[null,2,1909033],&quot;15&quot;:&quot;Ubuntu&quot;,&quot;16&quot;:10}\">2019<\/span><\/p>\n<\/div>\n<\/div><\/div><\/div><\/div><\/div>","protected":false},"excerpt":{"rendered":"<p>For happiness! Shapes, hills, ripples, game .. Each piece is original, handmade. 2019<\/p>\n","protected":false},"featured_media":7990,"template":"","meta":{"inline_featured_image":false,"jetpack_post_was_ever_published":false,"jetpack_publicize_message":"","jetpack_is_tweetstorm":false,"jetpack_publicize_feature_enabled":true,"jetpack_social_post_already_shared":true,"jetpack_social_options":{"image_generator_settings":{"template":"highway","enabled":false}}},"product_cat":[289],"product_tag":[],"class_list":{"0":"post-4601","1":"product","2":"type-product","3":"status-publish","4":"has-post-thumbnail","6":"product_cat-uncategorized-cs-3","7":"pa_collection-random","8":"pa_material-ag-925-1000-silver","9":"pa_material-silver","10":"pa_products-bracelet","12":"first","13":"instock","14":"shipping-taxable","15":"product-type-simple"},"jetpack_publicize_connections":[],"yoast_head":"<!-- This site is optimized with the Yoast SEO plugin v21.7 - https:\/\/yoast.com\/wordpress\/plugins\/seo\/ -->\n<title>Random bracelet | Krist\u00fdna Malovan\u00e1<\/title>\n<meta name=\"robots\" content=\"index, follow, max-snippet:-1, max-image-preview:large, max-video-preview:-1\" \/>\n<link rel=\"canonical\" href=\"https:\/\/www.kristynamalovana.com\/en\/product\/random-bracelet\/\" \/>\n<meta property=\"og:locale\" content=\"en_US\" \/>\n<meta property=\"og:type\" content=\"article\" \/>\n<meta property=\"og:title\" content=\"Random bracelet | Krist\u00fdna Malovan\u00e1\" \/>\n<meta property=\"og:description\" content=\"For happiness! Shapes, hills, ripples, game .. Each piece is original, handmade. 2019\" \/>\n<meta property=\"og:url\" content=\"https:\/\/www.kristynamalovana.com\/en\/product\/random-bracelet\/\" \/>\n<meta property=\"og:site_name\" content=\"Krist\u00fdna Malovan\u00e1\" \/>\n<meta property=\"article:publisher\" content=\"https:\/\/www.facebook.com\/Krist%c3%bdna-Malovan%c3%a1-jewellery-1530537500581713\/\" \/>\n<meta property=\"article:modified_time\" content=\"2021-03-21T13:42:00+00:00\" \/>\n<meta property=\"og:image\" content=\"https:\/\/www.kristynamalovana.com\/wp-content\/uploads\/2018\/10\/random-naramek_LowRes-scaled-e1616334095616.jpg\" \/>\n\t<meta property=\"og:image:width\" content=\"1280\" \/>\n\t<meta property=\"og:image:height\" content=\"1920\" \/>\n\t<meta property=\"og:image:type\" content=\"image\/jpeg\" \/>\n<meta name=\"twitter:card\" content=\"summary_large_image\" \/>\n<script type=\"application\/ld+json\" class=\"yoast-schema-graph\">{\"@context\":\"https:\/\/schema.org\",\"@graph\":[{\"@type\":\"WebPage\",\"@id\":\"https:\/\/www.kristynamalovana.com\/en\/product\/random-bracelet\/\",\"url\":\"https:\/\/www.kristynamalovana.com\/en\/product\/random-bracelet\/\",\"name\":\"Random bracelet | Krist\u00fdna Malovan\u00e1\",\"isPartOf\":{\"@id\":\"https:\/\/www.kristynamalovana.com\/en\/#website\"},\"datePublished\":\"2019-05-28T19:12:05+00:00\",\"dateModified\":\"2021-03-21T13:42:00+00:00\",\"breadcrumb\":{\"@id\":\"https:\/\/www.kristynamalovana.com\/en\/product\/random-bracelet\/#breadcrumb\"},\"inLanguage\":\"en-US\",\"potentialAction\":[{\"@type\":\"ReadAction\",\"target\":[\"https:\/\/www.kristynamalovana.com\/en\/product\/random-bracelet\/\"]}]},{\"@type\":\"BreadcrumbList\",\"@id\":\"https:\/\/www.kristynamalovana.com\/en\/product\/random-bracelet\/#breadcrumb\",\"itemListElement\":[{\"@type\":\"ListItem\",\"position\":1,\"name\":\"Dom\u016f\",\"item\":\"https:\/\/www.kristynamalovana.com\/en\/\"},{\"@type\":\"ListItem\",\"position\":2,\"name\":\"Eshop\",\"item\":\"https:\/\/www.kristynamalovana.com\/en\/eshop\/\"},{\"@type\":\"ListItem\",\"position\":3,\"name\":\"Random bracelet\"}]},{\"@type\":\"WebSite\",\"@id\":\"https:\/\/www.kristynamalovana.com\/en\/#website\",\"url\":\"https:\/\/www.kristynamalovana.com\/en\/\",\"name\":\"Krist\u00fdna Malovan\u00e1\",\"description\":\"popis\",\"potentialAction\":[{\"@type\":\"SearchAction\",\"target\":{\"@type\":\"EntryPoint\",\"urlTemplate\":\"https:\/\/www.kristynamalovana.com\/en\/?s={search_term_string}\"},\"query-input\":\"required name=search_term_string\"}],\"inLanguage\":\"en-US\"}]}<\/script>\n<!-- \/ Yoast SEO plugin. -->","yoast_head_json":{"title":"Random bracelet | Krist\u00fdna Malovan\u00e1","robots":{"index":"index","follow":"follow","max-snippet":"max-snippet:-1","max-image-preview":"max-image-preview:large","max-video-preview":"max-video-preview:-1"},"canonical":"https:\/\/www.kristynamalovana.com\/en\/product\/random-bracelet\/","og_locale":"en_US","og_type":"article","og_title":"Random bracelet | Krist\u00fdna Malovan\u00e1","og_description":"For happiness! Shapes, hills, ripples, game .. Each piece is original, handmade. 2019","og_url":"https:\/\/www.kristynamalovana.com\/en\/product\/random-bracelet\/","og_site_name":"Krist\u00fdna Malovan\u00e1","article_publisher":"https:\/\/www.facebook.com\/Krist%c3%bdna-Malovan%c3%a1-jewellery-1530537500581713\/","article_modified_time":"2021-03-21T13:42:00+00:00","og_image":[{"width":1280,"height":1920,"url":"https:\/\/www.kristynamalovana.com\/wp-content\/uploads\/2018\/10\/random-naramek_LowRes-scaled-e1616334095616.jpg","type":"image\/jpeg"}],"twitter_card":"summary_large_image","schema":{"@context":"https:\/\/schema.org","@graph":[{"@type":"WebPage","@id":"https:\/\/www.kristynamalovana.com\/en\/product\/random-bracelet\/","url":"https:\/\/www.kristynamalovana.com\/en\/product\/random-bracelet\/","name":"Random bracelet | Krist\u00fdna Malovan\u00e1","isPartOf":{"@id":"https:\/\/www.kristynamalovana.com\/en\/#website"},"datePublished":"2019-05-28T19:12:05+00:00","dateModified":"2021-03-21T13:42:00+00:00","breadcrumb":{"@id":"https:\/\/www.kristynamalovana.com\/en\/product\/random-bracelet\/#breadcrumb"},"inLanguage":"en-US","potentialAction":[{"@type":"ReadAction","target":["https:\/\/www.kristynamalovana.com\/en\/product\/random-bracelet\/"]}]},{"@type":"BreadcrumbList","@id":"https:\/\/www.kristynamalovana.com\/en\/product\/random-bracelet\/#breadcrumb","itemListElement":[{"@type":"ListItem","position":1,"name":"Dom\u016f","item":"https:\/\/www.kristynamalovana.com\/en\/"},{"@type":"ListItem","position":2,"name":"Eshop","item":"https:\/\/www.kristynamalovana.com\/en\/eshop\/"},{"@type":"ListItem","position":3,"name":"Random bracelet"}]},{"@type":"WebSite","@id":"https:\/\/www.kristynamalovana.com\/en\/#website","url":"https:\/\/www.kristynamalovana.com\/en\/","name":"Krist\u00fdna Malovan\u00e1","description":"popis","potentialAction":[{"@type":"SearchAction","target":{"@type":"EntryPoint","urlTemplate":"https:\/\/www.kristynamalovana.com\/en\/?s={search_term_string}"},"query-input":"required name=search_term_string"}],"inLanguage":"en-US"}]}},"jetpack_sharing_enabled":true,"_links":{"self":[{"href":"https:\/\/www.kristynamalovana.com\/en\/wp-json\/wp\/v2\/product\/4601","targetHints":{"allow":["GET"]}}],"collection":[{"href":"https:\/\/www.kristynamalovana.com\/en\/wp-json\/wp\/v2\/product"}],"about":[{"href":"https:\/\/www.kristynamalovana.com\/en\/wp-json\/wp\/v2\/types\/product"}],"wp:featuredmedia":[{"embeddable":true,"href":"https:\/\/www.kristynamalovana.com\/en\/wp-json\/wp\/v2\/media\/7990"}],"wp:attachment":[{"href":"https:\/\/www.kristynamalovana.com\/en\/wp-json\/wp\/v2\/media?parent=4601"}],"wp:term":[{"taxonomy":"product_cat","embeddable":true,"href":"https:\/\/www.kristynamalovana.com\/en\/wp-json\/wp\/v2\/product_cat?post=4601"},{"taxonomy":"product_tag","embeddable":true,"href":"https:\/\/www.kristynamalovana.com\/en\/wp-json\/wp\/v2\/product_tag?post=4601"}],"curies":[{"name":"wp","href":"https:\/\/api.w.org\/{rel}","templated":true}]}}