{"id":3510,"date":"2017-11-30T22:46:02","date_gmt":"2017-11-30T20:46:02","guid":{"rendered":"https:\/\/www.kristynamalovana.com\/?post_type=product&#038;p=3510"},"modified":"2021-05-22T18:26:13","modified_gmt":"2021-05-22T16:26:13","slug":"voucher-3000-kc","status":"publish","type":"product","link":"https:\/\/www.kristynamalovana.com\/en\/product\/voucher-3000-kc\/","title":{"rendered":"Voucher 3000 K\u010d"},"content":{"rendered":"<p><span style=\"font-weight: 400;\">Not sure which jewellery will make someone happy? Do you want to give possibility of choosing? By giving this Gift voucher you can&#8217;t make a mistake! It&#8217;s great gift for Christmas, Birthday, Anniversary or just because you want to make someone happy \ud83d\ude42<\/span><\/p>\n<p><span style=\"font-weight: 400;\">Validity is 6 month.<\/span><\/p>\n","protected":false},"excerpt":{"rendered":"<p>Not sure which jewellery will make someone happy? Do you want to give possibility of choosing? By giving this Gift voucher you can&#8217;t make a mistake! It&#8217;s great gift for Christmas, Birthday, Anniversary or just because you want to make someone happy \ud83d\ude42 Validity is 6 month.<\/p>\n","protected":false},"featured_media":6606,"template":"","meta":{"inline_featured_image":false,"jetpack_post_was_ever_published":false,"jetpack_publicize_message":"","jetpack_is_tweetstorm":false,"jetpack_publicize_feature_enabled":true,"jetpack_social_post_already_shared":true,"jetpack_social_options":{"image_generator_settings":{"template":"highway","enabled":false}}},"product_cat":[237],"product_tag":[],"class_list":{"0":"post-3510","1":"product","2":"type-product","3":"status-publish","4":"has-post-thumbnail","6":"product_cat-uncategorized","7":"pa_products-voucher","9":"first","10":"instock","11":"shipping-taxable","12":"purchasable","13":"product-type-simple"},"jetpack_publicize_connections":[],"yoast_head":"<!-- This site is optimized with the Yoast SEO plugin v21.7 - https:\/\/yoast.com\/wordpress\/plugins\/seo\/ -->\n<title>Voucher 3000 K\u010d | Krist\u00fdna Malovan\u00e1<\/title>\n<meta name=\"robots\" content=\"index, follow, max-snippet:-1, max-image-preview:large, max-video-preview:-1\" \/>\n<link rel=\"canonical\" href=\"https:\/\/www.kristynamalovana.com\/en\/product\/voucher-3000-kc\/\" \/>\n<meta property=\"og:locale\" content=\"en_US\" \/>\n<meta property=\"og:type\" content=\"article\" \/>\n<meta property=\"og:title\" content=\"Voucher 3000 K\u010d | Krist\u00fdna Malovan\u00e1\" \/>\n<meta property=\"og:description\" content=\"Not sure which jewellery will make someone happy? Do you want to give possibility of choosing? By giving this Gift voucher you can&#8217;t make a mistake! It&#8217;s great gift for Christmas, Birthday, Anniversary or just because you want to make someone happy \ud83d\ude42 Validity is 6 month.\" \/>\n<meta property=\"og:url\" content=\"https:\/\/www.kristynamalovana.com\/en\/product\/voucher-3000-kc\/\" \/>\n<meta property=\"og:site_name\" content=\"Krist\u00fdna Malovan\u00e1\" \/>\n<meta property=\"article:publisher\" content=\"https:\/\/www.facebook.com\/Krist%c3%bdna-Malovan%c3%a1-jewellery-1530537500581713\/\" \/>\n<meta property=\"article:modified_time\" content=\"2021-05-22T16:26:13+00:00\" \/>\n<meta property=\"og:image\" content=\"https:\/\/www.kristynamalovana.com\/wp-content\/uploads\/2017\/11\/KM_pouka02_2020.png\" \/>\n\t<meta property=\"og:image:width\" content=\"1024\" \/>\n\t<meta property=\"og:image:height\" content=\"1024\" \/>\n\t<meta property=\"og:image:type\" content=\"image\/png\" \/>\n<meta name=\"twitter:card\" content=\"summary_large_image\" \/>\n<script type=\"application\/ld+json\" class=\"yoast-schema-graph\">{\"@context\":\"https:\/\/schema.org\",\"@graph\":[{\"@type\":\"WebPage\",\"@id\":\"https:\/\/www.kristynamalovana.com\/en\/product\/voucher-3000-kc\/\",\"url\":\"https:\/\/www.kristynamalovana.com\/en\/product\/voucher-3000-kc\/\",\"name\":\"Voucher 3000 K\u010d | Krist\u00fdna Malovan\u00e1\",\"isPartOf\":{\"@id\":\"https:\/\/www.kristynamalovana.com\/en\/#website\"},\"datePublished\":\"2017-11-30T20:46:02+00:00\",\"dateModified\":\"2021-05-22T16:26:13+00:00\",\"breadcrumb\":{\"@id\":\"https:\/\/www.kristynamalovana.com\/en\/product\/voucher-3000-kc\/#breadcrumb\"},\"inLanguage\":\"en-US\",\"potentialAction\":[{\"@type\":\"ReadAction\",\"target\":[\"https:\/\/www.kristynamalovana.com\/en\/product\/voucher-3000-kc\/\"]}]},{\"@type\":\"BreadcrumbList\",\"@id\":\"https:\/\/www.kristynamalovana.com\/en\/product\/voucher-3000-kc\/#breadcrumb\",\"itemListElement\":[{\"@type\":\"ListItem\",\"position\":1,\"name\":\"Dom\u016f\",\"item\":\"https:\/\/www.kristynamalovana.com\/en\/\"},{\"@type\":\"ListItem\",\"position\":2,\"name\":\"Eshop\",\"item\":\"https:\/\/www.kristynamalovana.com\/en\/eshop\/\"},{\"@type\":\"ListItem\",\"position\":3,\"name\":\"Voucher 3000 K\u010d\"}]},{\"@type\":\"WebSite\",\"@id\":\"https:\/\/www.kristynamalovana.com\/en\/#website\",\"url\":\"https:\/\/www.kristynamalovana.com\/en\/\",\"name\":\"Krist\u00fdna Malovan\u00e1\",\"description\":\"popis\",\"potentialAction\":[{\"@type\":\"SearchAction\",\"target\":{\"@type\":\"EntryPoint\",\"urlTemplate\":\"https:\/\/www.kristynamalovana.com\/en\/?s={search_term_string}\"},\"query-input\":\"required name=search_term_string\"}],\"inLanguage\":\"en-US\"}]}<\/script>\n<!-- \/ Yoast SEO plugin. -->","yoast_head_json":{"title":"Voucher 3000 K\u010d | Krist\u00fdna Malovan\u00e1","robots":{"index":"index","follow":"follow","max-snippet":"max-snippet:-1","max-image-preview":"max-image-preview:large","max-video-preview":"max-video-preview:-1"},"canonical":"https:\/\/www.kristynamalovana.com\/en\/product\/voucher-3000-kc\/","og_locale":"en_US","og_type":"article","og_title":"Voucher 3000 K\u010d | Krist\u00fdna Malovan\u00e1","og_description":"Not sure which jewellery will make someone happy? Do you want to give possibility of choosing? By giving this Gift voucher you can&#8217;t make a mistake! It&#8217;s great gift for Christmas, Birthday, Anniversary or just because you want to make someone happy \ud83d\ude42 Validity is 6 month.","og_url":"https:\/\/www.kristynamalovana.com\/en\/product\/voucher-3000-kc\/","og_site_name":"Krist\u00fdna Malovan\u00e1","article_publisher":"https:\/\/www.facebook.com\/Krist%c3%bdna-Malovan%c3%a1-jewellery-1530537500581713\/","article_modified_time":"2021-05-22T16:26:13+00:00","og_image":[{"width":1024,"height":1024,"url":"https:\/\/www.kristynamalovana.com\/wp-content\/uploads\/2017\/11\/KM_pouka02_2020.png","type":"image\/png"}],"twitter_card":"summary_large_image","schema":{"@context":"https:\/\/schema.org","@graph":[{"@type":"WebPage","@id":"https:\/\/www.kristynamalovana.com\/en\/product\/voucher-3000-kc\/","url":"https:\/\/www.kristynamalovana.com\/en\/product\/voucher-3000-kc\/","name":"Voucher 3000 K\u010d | Krist\u00fdna Malovan\u00e1","isPartOf":{"@id":"https:\/\/www.kristynamalovana.com\/en\/#website"},"datePublished":"2017-11-30T20:46:02+00:00","dateModified":"2021-05-22T16:26:13+00:00","breadcrumb":{"@id":"https:\/\/www.kristynamalovana.com\/en\/product\/voucher-3000-kc\/#breadcrumb"},"inLanguage":"en-US","potentialAction":[{"@type":"ReadAction","target":["https:\/\/www.kristynamalovana.com\/en\/product\/voucher-3000-kc\/"]}]},{"@type":"BreadcrumbList","@id":"https:\/\/www.kristynamalovana.com\/en\/product\/voucher-3000-kc\/#breadcrumb","itemListElement":[{"@type":"ListItem","position":1,"name":"Dom\u016f","item":"https:\/\/www.kristynamalovana.com\/en\/"},{"@type":"ListItem","position":2,"name":"Eshop","item":"https:\/\/www.kristynamalovana.com\/en\/eshop\/"},{"@type":"ListItem","position":3,"name":"Voucher 3000 K\u010d"}]},{"@type":"WebSite","@id":"https:\/\/www.kristynamalovana.com\/en\/#website","url":"https:\/\/www.kristynamalovana.com\/en\/","name":"Krist\u00fdna Malovan\u00e1","description":"popis","potentialAction":[{"@type":"SearchAction","target":{"@type":"EntryPoint","urlTemplate":"https:\/\/www.kristynamalovana.com\/en\/?s={search_term_string}"},"query-input":"required name=search_term_string"}],"inLanguage":"en-US"}]}},"jetpack_sharing_enabled":true,"_links":{"self":[{"href":"https:\/\/www.kristynamalovana.com\/en\/wp-json\/wp\/v2\/product\/3510","targetHints":{"allow":["GET"]}}],"collection":[{"href":"https:\/\/www.kristynamalovana.com\/en\/wp-json\/wp\/v2\/product"}],"about":[{"href":"https:\/\/www.kristynamalovana.com\/en\/wp-json\/wp\/v2\/types\/product"}],"wp:featuredmedia":[{"embeddable":true,"href":"https:\/\/www.kristynamalovana.com\/en\/wp-json\/wp\/v2\/media\/6606"}],"wp:attachment":[{"href":"https:\/\/www.kristynamalovana.com\/en\/wp-json\/wp\/v2\/media?parent=3510"}],"wp:term":[{"taxonomy":"product_cat","embeddable":true,"href":"https:\/\/www.kristynamalovana.com\/en\/wp-json\/wp\/v2\/product_cat?post=3510"},{"taxonomy":"product_tag","embeddable":true,"href":"https:\/\/www.kristynamalovana.com\/en\/wp-json\/wp\/v2\/product_tag?post=3510"}],"curies":[{"name":"wp","href":"https:\/\/api.w.org\/{rel}","templated":true}]}}