{"id":3325,"date":"2018-10-29T01:18:48","date_gmt":"2018-10-28T23:18:48","guid":{"rendered":"https:\/\/www.kristynamalovana.com\/?post_type=product&#038;p=3325"},"modified":"2020-08-12T08:33:24","modified_gmt":"2020-08-12T06:33:24","slug":"prsten_4","status":"publish","type":"product","link":"https:\/\/www.kristynamalovana.com\/en\/product\/prsten_4\/","title":{"rendered":"Ring_4"},"content":{"rendered":"<p>Czech Jewelry Designers meet New York \u2013 connecting motto become &#8220;Communication&#8221;.<\/p>\n<p>The others exhibitors &#8211; Kl\u00e1ra \u0160\u00edpkov\u00e1, Eva R\u016f\u017ei\u010dkov\u00e1<\/p>\n<p class=\"p1\"><span class=\"s1\">&#8220;The relationship of material, technology and certain national characteristics inspired the actual work of Krist\u00fdna Malovan\u00e1. The purity and sincerity of communication is mirrored in clean, smooth forms and transparent materials. In the author&#8217;s words the collection should \u201eraise questions, emotions, a taste to discuss with each other, they should react to the present and its reflection.&#8221; With some form of exaggeration, the artist works with materials we consider to be typically Czech, is glass and Czech garnets. Their transfer to American soil offers additional themes for conversation, that is, clash and dialogue between Czech and American culture, which should be supported by this exhibition.&#8221;<\/span><\/p>\n<p>Tereza Voln\u00e1 Vernerov\u00e1<\/p>\n<p>2018<\/p>\n","protected":false},"excerpt":{"rendered":"<p>Czech Jewelry Designers meet New York \u2013 connecting motto become &#8220;Communication&#8221;. The others exhibitors &#8211; Kl\u00e1ra \u0160\u00edpkov\u00e1, Eva R\u016f\u017ei\u010dkov\u00e1 &#8220;The relationship of material, technology and certain national characteristics inspired the actual work of Krist\u00fdna Malovan\u00e1. The purity and sincerity of communication is mirrored in clean, smooth forms and transparent materials. In the author&#8217;s words the [&hellip;]<\/p>\n","protected":false},"featured_media":3300,"template":"","meta":{"inline_featured_image":false,"jetpack_post_was_ever_published":false,"jetpack_publicize_message":"","jetpack_is_tweetstorm":false,"jetpack_publicize_feature_enabled":true,"jetpack_social_post_already_shared":true,"jetpack_social_options":{"image_generator_settings":{"template":"highway","enabled":false}}},"product_cat":[237,289],"product_tag":[],"class_list":{"0":"post-3325","1":"product","2":"type-product","3":"status-publish","4":"has-post-thumbnail","6":"product_cat-uncategorized","7":"product_cat-uncategorized-cs-3","8":"pa_circumference-62","9":"pa_circumference-63","10":"pa_circumference-64","11":"pa_circumference-65","12":"pa_circumference-66","13":"pa_circumference-67","14":"pa_circumference-68","15":"pa_circumference-69","16":"pa_circumference-70","17":"pa_circumference-71","18":"pa_circumference-72","19":"pa_collection-communication","20":"pa_material-ag-925-1000-silver","21":"pa_material-silver","22":"pa_products-ring","24":"first","25":"instock","26":"shipping-taxable","27":"purchasable","28":"product-type-variable"},"jetpack_publicize_connections":[],"yoast_head":"<!-- This site is optimized with the Yoast SEO plugin v21.7 - https:\/\/yoast.com\/wordpress\/plugins\/seo\/ -->\n<title>Ring_4 | Krist\u00fdna Malovan\u00e1_minimalistic jewellery<\/title>\n<meta name=\"robots\" content=\"index, follow, max-snippet:-1, max-image-preview:large, max-video-preview:-1\" \/>\n<link rel=\"canonical\" href=\"https:\/\/www.kristynamalovana.com\/en\/product\/prsten_4\/\" \/>\n<meta property=\"og:locale\" content=\"en_US\" \/>\n<meta property=\"og:type\" content=\"article\" \/>\n<meta property=\"og:title\" content=\"Ring_4 | Krist\u00fdna Malovan\u00e1_minimalistic jewellery\" \/>\n<meta property=\"og:description\" content=\"Czech Jewelry Designers meet New York \u2013 connecting motto become &#8220;Communication&#8221;. The others exhibitors &#8211; Kl\u00e1ra \u0160\u00edpkov\u00e1, Eva R\u016f\u017ei\u010dkov\u00e1 &#8220;The relationship of material, technology and certain national characteristics inspired the actual work of Krist\u00fdna Malovan\u00e1. The purity and sincerity of communication is mirrored in clean, smooth forms and transparent materials. In the author&#8217;s words the [&hellip;]\" \/>\n<meta property=\"og:url\" content=\"https:\/\/www.kristynamalovana.com\/en\/product\/prsten_4\/\" \/>\n<meta property=\"og:site_name\" content=\"Krist\u00fdna Malovan\u00e1\" \/>\n<meta property=\"article:publisher\" content=\"https:\/\/www.facebook.com\/Krist%c3%bdna-Malovan%c3%a1-jewellery-1530537500581713\/\" \/>\n<meta property=\"article:modified_time\" content=\"2020-08-12T06:33:24+00:00\" \/>\n<meta property=\"og:image\" content=\"https:\/\/www.kristynamalovana.com\/wp-content\/uploads\/2018\/10\/Kristy\u0301na-Malovana\u0301_prsten02.jpg\" \/>\n\t<meta property=\"og:image:width\" content=\"1067\" \/>\n\t<meta property=\"og:image:height\" content=\"1600\" \/>\n\t<meta property=\"og:image:type\" content=\"image\/jpeg\" \/>\n<meta name=\"twitter:card\" content=\"summary_large_image\" \/>\n<meta name=\"twitter:label1\" content=\"Est. reading time\" \/>\n\t<meta name=\"twitter:data1\" content=\"1 minute\" \/>\n<script type=\"application\/ld+json\" class=\"yoast-schema-graph\">{\"@context\":\"https:\/\/schema.org\",\"@graph\":[{\"@type\":\"WebPage\",\"@id\":\"https:\/\/www.kristynamalovana.com\/en\/product\/prsten_4\/\",\"url\":\"https:\/\/www.kristynamalovana.com\/en\/product\/prsten_4\/\",\"name\":\"Ring_4 | Krist\u00fdna Malovan\u00e1_minimalistic jewellery\",\"isPartOf\":{\"@id\":\"https:\/\/www.kristynamalovana.com\/en\/#website\"},\"datePublished\":\"2018-10-28T23:18:48+00:00\",\"dateModified\":\"2020-08-12T06:33:24+00:00\",\"breadcrumb\":{\"@id\":\"https:\/\/www.kristynamalovana.com\/en\/product\/prsten_4\/#breadcrumb\"},\"inLanguage\":\"en-US\",\"potentialAction\":[{\"@type\":\"ReadAction\",\"target\":[\"https:\/\/www.kristynamalovana.com\/en\/product\/prsten_4\/\"]}]},{\"@type\":\"BreadcrumbList\",\"@id\":\"https:\/\/www.kristynamalovana.com\/en\/product\/prsten_4\/#breadcrumb\",\"itemListElement\":[{\"@type\":\"ListItem\",\"position\":1,\"name\":\"Dom\u016f\",\"item\":\"https:\/\/www.kristynamalovana.com\/en\/\"},{\"@type\":\"ListItem\",\"position\":2,\"name\":\"Eshop\",\"item\":\"https:\/\/www.kristynamalovana.com\/en\/eshop\/\"},{\"@type\":\"ListItem\",\"position\":3,\"name\":\"Ring_4\"}]},{\"@type\":\"WebSite\",\"@id\":\"https:\/\/www.kristynamalovana.com\/en\/#website\",\"url\":\"https:\/\/www.kristynamalovana.com\/en\/\",\"name\":\"Krist\u00fdna Malovan\u00e1\",\"description\":\"popis\",\"potentialAction\":[{\"@type\":\"SearchAction\",\"target\":{\"@type\":\"EntryPoint\",\"urlTemplate\":\"https:\/\/www.kristynamalovana.com\/en\/?s={search_term_string}\"},\"query-input\":\"required name=search_term_string\"}],\"inLanguage\":\"en-US\"}]}<\/script>\n<!-- \/ Yoast SEO plugin. -->","yoast_head_json":{"title":"Ring_4 | Krist\u00fdna Malovan\u00e1_minimalistic jewellery","robots":{"index":"index","follow":"follow","max-snippet":"max-snippet:-1","max-image-preview":"max-image-preview:large","max-video-preview":"max-video-preview:-1"},"canonical":"https:\/\/www.kristynamalovana.com\/en\/product\/prsten_4\/","og_locale":"en_US","og_type":"article","og_title":"Ring_4 | Krist\u00fdna Malovan\u00e1_minimalistic jewellery","og_description":"Czech Jewelry Designers meet New York \u2013 connecting motto become &#8220;Communication&#8221;. The others exhibitors &#8211; Kl\u00e1ra \u0160\u00edpkov\u00e1, Eva R\u016f\u017ei\u010dkov\u00e1 &#8220;The relationship of material, technology and certain national characteristics inspired the actual work of Krist\u00fdna Malovan\u00e1. The purity and sincerity of communication is mirrored in clean, smooth forms and transparent materials. In the author&#8217;s words the [&hellip;]","og_url":"https:\/\/www.kristynamalovana.com\/en\/product\/prsten_4\/","og_site_name":"Krist\u00fdna Malovan\u00e1","article_publisher":"https:\/\/www.facebook.com\/Krist%c3%bdna-Malovan%c3%a1-jewellery-1530537500581713\/","article_modified_time":"2020-08-12T06:33:24+00:00","og_image":[{"width":1067,"height":1600,"url":"https:\/\/www.kristynamalovana.com\/wp-content\/uploads\/2018\/10\/Kristy\u0301na-Malovana\u0301_prsten02.jpg","type":"image\/jpeg"}],"twitter_card":"summary_large_image","twitter_misc":{"Est. reading time":"1 minute"},"schema":{"@context":"https:\/\/schema.org","@graph":[{"@type":"WebPage","@id":"https:\/\/www.kristynamalovana.com\/en\/product\/prsten_4\/","url":"https:\/\/www.kristynamalovana.com\/en\/product\/prsten_4\/","name":"Ring_4 | Krist\u00fdna Malovan\u00e1_minimalistic jewellery","isPartOf":{"@id":"https:\/\/www.kristynamalovana.com\/en\/#website"},"datePublished":"2018-10-28T23:18:48+00:00","dateModified":"2020-08-12T06:33:24+00:00","breadcrumb":{"@id":"https:\/\/www.kristynamalovana.com\/en\/product\/prsten_4\/#breadcrumb"},"inLanguage":"en-US","potentialAction":[{"@type":"ReadAction","target":["https:\/\/www.kristynamalovana.com\/en\/product\/prsten_4\/"]}]},{"@type":"BreadcrumbList","@id":"https:\/\/www.kristynamalovana.com\/en\/product\/prsten_4\/#breadcrumb","itemListElement":[{"@type":"ListItem","position":1,"name":"Dom\u016f","item":"https:\/\/www.kristynamalovana.com\/en\/"},{"@type":"ListItem","position":2,"name":"Eshop","item":"https:\/\/www.kristynamalovana.com\/en\/eshop\/"},{"@type":"ListItem","position":3,"name":"Ring_4"}]},{"@type":"WebSite","@id":"https:\/\/www.kristynamalovana.com\/en\/#website","url":"https:\/\/www.kristynamalovana.com\/en\/","name":"Krist\u00fdna Malovan\u00e1","description":"popis","potentialAction":[{"@type":"SearchAction","target":{"@type":"EntryPoint","urlTemplate":"https:\/\/www.kristynamalovana.com\/en\/?s={search_term_string}"},"query-input":"required name=search_term_string"}],"inLanguage":"en-US"}]}},"jetpack_sharing_enabled":true,"_links":{"self":[{"href":"https:\/\/www.kristynamalovana.com\/en\/wp-json\/wp\/v2\/product\/3325","targetHints":{"allow":["GET"]}}],"collection":[{"href":"https:\/\/www.kristynamalovana.com\/en\/wp-json\/wp\/v2\/product"}],"about":[{"href":"https:\/\/www.kristynamalovana.com\/en\/wp-json\/wp\/v2\/types\/product"}],"wp:featuredmedia":[{"embeddable":true,"href":"https:\/\/www.kristynamalovana.com\/en\/wp-json\/wp\/v2\/media\/3300"}],"wp:attachment":[{"href":"https:\/\/www.kristynamalovana.com\/en\/wp-json\/wp\/v2\/media?parent=3325"}],"wp:term":[{"taxonomy":"product_cat","embeddable":true,"href":"https:\/\/www.kristynamalovana.com\/en\/wp-json\/wp\/v2\/product_cat?post=3325"},{"taxonomy":"product_tag","embeddable":true,"href":"https:\/\/www.kristynamalovana.com\/en\/wp-json\/wp\/v2\/product_tag?post=3325"}],"curies":[{"name":"wp","href":"https:\/\/api.w.org\/{rel}","templated":true}]}}