{"id":252,"date":"2018-01-27T19:07:05","date_gmt":"2018-01-27T17:07:05","guid":{"rendered":"http:\/\/kristynamalovana.com\/?post_type=product&#038;p=252"},"modified":"2023-02-23T22:20:00","modified_gmt":"2023-02-23T20:20:00","slug":"moon-eclipse-necklace","status":"publish","type":"product","link":"https:\/\/www.kristynamalovana.com\/en\/product\/moon-eclipse-necklace\/","title":{"rendered":"MOON ECLIPSE Necklace"},"content":{"rendered":"<p><span style=\"font-weight: 400\">Moon Eclipse. Originally I created this piece for my friend, a graphic designer, as a quid pro quo for having created graphic design for me. She also already has my earrings from the Invisible collection. She wanted a necklace that would fit to them as well as to her evening dress with a neckline. I had to take into consideration her intolerance of various metals and I created the SUN version. After that I realised I wanted to make more of them. You can move the small tube and create thus different versions of it. You can thus adjust it to the dress you wear or to the mood you are in. 2017<\/span><\/p>\n","protected":false},"excerpt":{"rendered":"<p>D\u00e9lka 35 cm.<\/p>\n<p>Pokud chcete del\u0161\u00ed \u0161\u0148\u016frku, vepi\u0161te do pozn\u00e1mky p\u0159i dokon\u010den\u00ed objedn\u00e1vky.<\/p>\n","protected":false},"featured_media":643,"template":"","meta":{"inline_featured_image":false,"jetpack_post_was_ever_published":false,"jetpack_publicize_message":"","jetpack_is_tweetstorm":false,"jetpack_publicize_feature_enabled":true,"jetpack_social_post_already_shared":true,"jetpack_social_options":{"image_generator_settings":{"template":"highway","enabled":false}}},"product_cat":[289],"product_tag":[],"class_list":{"0":"post-252","1":"product","2":"type-product","3":"status-publish","4":"has-post-thumbnail","6":"product_cat-uncategorized-cs-3","7":"pa_collection-planets","8":"pa_material-ag-925-1000-silver","9":"pa_material-cotton","10":"pa_material-ruthenium","11":"pa_material-silver","12":"pa_products-necklace","13":"pa_size-52","15":"first","16":"instock","17":"shipping-taxable","18":"purchasable","19":"product-type-simple"},"jetpack_publicize_connections":[],"yoast_head":"<!-- This site is optimized with the Yoast SEO plugin v21.7 - https:\/\/yoast.com\/wordpress\/plugins\/seo\/ -->\n<title>MOON ECLIPSE Necklace | Krist\u00fdna Malovan\u00e1 _minimalistic jewellery<\/title>\n<meta name=\"robots\" content=\"index, follow, max-snippet:-1, max-image-preview:large, max-video-preview:-1\" \/>\n<link rel=\"canonical\" href=\"https:\/\/www.kristynamalovana.com\/en\/product\/moon-eclipse-necklace\/\" \/>\n<meta property=\"og:locale\" content=\"en_US\" \/>\n<meta property=\"og:type\" content=\"article\" \/>\n<meta property=\"og:title\" content=\"MOON ECLIPSE Necklace | Krist\u00fdna Malovan\u00e1 _minimalistic jewellery\" \/>\n<meta property=\"og:description\" content=\"D\u00e9lka 35 cm.  Pokud chcete del\u0161\u00ed \u0161\u0148\u016frku, vepi\u0161te do pozn\u00e1mky p\u0159i dokon\u010den\u00ed objedn\u00e1vky.\" \/>\n<meta property=\"og:url\" content=\"https:\/\/www.kristynamalovana.com\/en\/product\/moon-eclipse-necklace\/\" \/>\n<meta property=\"og:site_name\" content=\"Krist\u00fdna Malovan\u00e1\" \/>\n<meta property=\"article:publisher\" content=\"https:\/\/www.facebook.com\/Krist%c3%bdna-Malovan%c3%a1-jewellery-1530537500581713\/\" \/>\n<meta property=\"article:modified_time\" content=\"2023-02-23T20:20:00+00:00\" \/>\n<meta property=\"og:image\" content=\"https:\/\/www.kristynamalovana.com\/wp-content\/uploads\/2018\/01\/Kristyna_sperky_nahrdelnik_A_02_LowRes.jpg\" \/>\n\t<meta property=\"og:image:width\" content=\"667\" \/>\n\t<meta property=\"og:image:height\" content=\"1000\" \/>\n\t<meta property=\"og:image:type\" content=\"image\/jpeg\" \/>\n<meta name=\"twitter:card\" content=\"summary_large_image\" \/>\n<meta name=\"twitter:label1\" content=\"Est. reading time\" \/>\n\t<meta name=\"twitter:data1\" content=\"1 minute\" \/>\n<script type=\"application\/ld+json\" class=\"yoast-schema-graph\">{\"@context\":\"https:\/\/schema.org\",\"@graph\":[{\"@type\":\"WebPage\",\"@id\":\"https:\/\/www.kristynamalovana.com\/en\/product\/moon-eclipse-necklace\/\",\"url\":\"https:\/\/www.kristynamalovana.com\/en\/product\/moon-eclipse-necklace\/\",\"name\":\"MOON ECLIPSE Necklace | Krist\u00fdna Malovan\u00e1 _minimalistic jewellery\",\"isPartOf\":{\"@id\":\"https:\/\/www.kristynamalovana.com\/en\/#website\"},\"datePublished\":\"2018-01-27T17:07:05+00:00\",\"dateModified\":\"2023-02-23T20:20:00+00:00\",\"breadcrumb\":{\"@id\":\"https:\/\/www.kristynamalovana.com\/en\/product\/moon-eclipse-necklace\/#breadcrumb\"},\"inLanguage\":\"en-US\",\"potentialAction\":[{\"@type\":\"ReadAction\",\"target\":[\"https:\/\/www.kristynamalovana.com\/en\/product\/moon-eclipse-necklace\/\"]}]},{\"@type\":\"BreadcrumbList\",\"@id\":\"https:\/\/www.kristynamalovana.com\/en\/product\/moon-eclipse-necklace\/#breadcrumb\",\"itemListElement\":[{\"@type\":\"ListItem\",\"position\":1,\"name\":\"Dom\u016f\",\"item\":\"https:\/\/www.kristynamalovana.com\/en\/\"},{\"@type\":\"ListItem\",\"position\":2,\"name\":\"Eshop\",\"item\":\"https:\/\/www.kristynamalovana.com\/en\/eshop\/\"},{\"@type\":\"ListItem\",\"position\":3,\"name\":\"MOON ECLIPSE Necklace\"}]},{\"@type\":\"WebSite\",\"@id\":\"https:\/\/www.kristynamalovana.com\/en\/#website\",\"url\":\"https:\/\/www.kristynamalovana.com\/en\/\",\"name\":\"Krist\u00fdna Malovan\u00e1\",\"description\":\"popis\",\"potentialAction\":[{\"@type\":\"SearchAction\",\"target\":{\"@type\":\"EntryPoint\",\"urlTemplate\":\"https:\/\/www.kristynamalovana.com\/en\/?s={search_term_string}\"},\"query-input\":\"required name=search_term_string\"}],\"inLanguage\":\"en-US\"}]}<\/script>\n<!-- \/ Yoast SEO plugin. -->","yoast_head_json":{"title":"MOON ECLIPSE Necklace | Krist\u00fdna Malovan\u00e1 _minimalistic jewellery","robots":{"index":"index","follow":"follow","max-snippet":"max-snippet:-1","max-image-preview":"max-image-preview:large","max-video-preview":"max-video-preview:-1"},"canonical":"https:\/\/www.kristynamalovana.com\/en\/product\/moon-eclipse-necklace\/","og_locale":"en_US","og_type":"article","og_title":"MOON ECLIPSE Necklace | Krist\u00fdna Malovan\u00e1 _minimalistic jewellery","og_description":"D\u00e9lka 35 cm.  Pokud chcete del\u0161\u00ed \u0161\u0148\u016frku, vepi\u0161te do pozn\u00e1mky p\u0159i dokon\u010den\u00ed objedn\u00e1vky.","og_url":"https:\/\/www.kristynamalovana.com\/en\/product\/moon-eclipse-necklace\/","og_site_name":"Krist\u00fdna Malovan\u00e1","article_publisher":"https:\/\/www.facebook.com\/Krist%c3%bdna-Malovan%c3%a1-jewellery-1530537500581713\/","article_modified_time":"2023-02-23T20:20:00+00:00","og_image":[{"width":667,"height":1000,"url":"https:\/\/www.kristynamalovana.com\/wp-content\/uploads\/2018\/01\/Kristyna_sperky_nahrdelnik_A_02_LowRes.jpg","type":"image\/jpeg"}],"twitter_card":"summary_large_image","twitter_misc":{"Est. reading time":"1 minute"},"schema":{"@context":"https:\/\/schema.org","@graph":[{"@type":"WebPage","@id":"https:\/\/www.kristynamalovana.com\/en\/product\/moon-eclipse-necklace\/","url":"https:\/\/www.kristynamalovana.com\/en\/product\/moon-eclipse-necklace\/","name":"MOON ECLIPSE Necklace | Krist\u00fdna Malovan\u00e1 _minimalistic jewellery","isPartOf":{"@id":"https:\/\/www.kristynamalovana.com\/en\/#website"},"datePublished":"2018-01-27T17:07:05+00:00","dateModified":"2023-02-23T20:20:00+00:00","breadcrumb":{"@id":"https:\/\/www.kristynamalovana.com\/en\/product\/moon-eclipse-necklace\/#breadcrumb"},"inLanguage":"en-US","potentialAction":[{"@type":"ReadAction","target":["https:\/\/www.kristynamalovana.com\/en\/product\/moon-eclipse-necklace\/"]}]},{"@type":"BreadcrumbList","@id":"https:\/\/www.kristynamalovana.com\/en\/product\/moon-eclipse-necklace\/#breadcrumb","itemListElement":[{"@type":"ListItem","position":1,"name":"Dom\u016f","item":"https:\/\/www.kristynamalovana.com\/en\/"},{"@type":"ListItem","position":2,"name":"Eshop","item":"https:\/\/www.kristynamalovana.com\/en\/eshop\/"},{"@type":"ListItem","position":3,"name":"MOON ECLIPSE Necklace"}]},{"@type":"WebSite","@id":"https:\/\/www.kristynamalovana.com\/en\/#website","url":"https:\/\/www.kristynamalovana.com\/en\/","name":"Krist\u00fdna Malovan\u00e1","description":"popis","potentialAction":[{"@type":"SearchAction","target":{"@type":"EntryPoint","urlTemplate":"https:\/\/www.kristynamalovana.com\/en\/?s={search_term_string}"},"query-input":"required name=search_term_string"}],"inLanguage":"en-US"}]}},"jetpack_sharing_enabled":true,"_links":{"self":[{"href":"https:\/\/www.kristynamalovana.com\/en\/wp-json\/wp\/v2\/product\/252","targetHints":{"allow":["GET"]}}],"collection":[{"href":"https:\/\/www.kristynamalovana.com\/en\/wp-json\/wp\/v2\/product"}],"about":[{"href":"https:\/\/www.kristynamalovana.com\/en\/wp-json\/wp\/v2\/types\/product"}],"wp:featuredmedia":[{"embeddable":true,"href":"https:\/\/www.kristynamalovana.com\/en\/wp-json\/wp\/v2\/media\/643"}],"wp:attachment":[{"href":"https:\/\/www.kristynamalovana.com\/en\/wp-json\/wp\/v2\/media?parent=252"}],"wp:term":[{"taxonomy":"product_cat","embeddable":true,"href":"https:\/\/www.kristynamalovana.com\/en\/wp-json\/wp\/v2\/product_cat?post=252"},{"taxonomy":"product_tag","embeddable":true,"href":"https:\/\/www.kristynamalovana.com\/en\/wp-json\/wp\/v2\/product_tag?post=252"}],"curies":[{"name":"wp","href":"https:\/\/api.w.org\/{rel}","templated":true}]}}