{"id":13111,"date":"2026-04-21T11:21:51","date_gmt":"2026-04-21T09:21:51","guid":{"rendered":"https:\/\/www.kristynamalovana.com\/?post_type=product&#038;p=13111"},"modified":"2026-04-26T15:10:13","modified_gmt":"2026-04-26T13:10:13","slug":"earring-in-collaboration-with-painter-lukas-musil","status":"publish","type":"product","link":"https:\/\/www.kristynamalovana.com\/en\/product\/earring-in-collaboration-with-painter-lukas-musil\/","title":{"rendered":"Earring in collaboration with painter Luk\u00e1\u0161 Musil"},"content":{"rendered":"<p>These gold earrings were custom-made, once again in collaboration with Lukas Musil, who invited me to work on the project. It was my pleasure!<br \/>\nThe earrings are tiny\u2014designed to sit on the earlobe\u2014as per the request. And they\u2019re based on Lukas\u2019s sketch. I then played around a bit with the proportions and the final design.<\/p>\n<p>2026<\/p>\n","protected":false},"excerpt":{"rendered":"<p>These gold earrings were custom-made, once again in collaboration with Lukas Musil, who invited me to work on the project. It was my pleasure! The earrings are tiny\u2014designed to sit on the earlobe\u2014as per the request. And they\u2019re based on Lukas\u2019s sketch. I then played around a bit with the proportions and the final design. [&hellip;]<\/p>\n","protected":false},"featured_media":13113,"template":"","meta":{"inline_featured_image":false,"jetpack_post_was_ever_published":false,"jetpack_publicize_message":"","jetpack_is_tweetstorm":false,"jetpack_publicize_feature_enabled":true,"jetpack_social_post_already_shared":true,"jetpack_social_options":{"image_generator_settings":{"template":"highway","enabled":false}}},"product_cat":[237],"product_tag":[],"class_list":{"0":"post-13111","1":"product","2":"type-product","3":"status-publish","4":"has-post-thumbnail","6":"product_cat-uncategorized","7":"pa_collection-custom-made","8":"pa_material-au-585-1000-yellow-gold-14-kt","9":"pa_products-custom-made","10":"pa_products-earrings","12":"first","13":"onbackorder","14":"shipping-taxable","15":"product-type-simple"},"jetpack_publicize_connections":[],"yoast_head":"<!-- This site is optimized with the Yoast SEO plugin v21.7 - https:\/\/yoast.com\/wordpress\/plugins\/seo\/ -->\n<title>Earring in collaboration with painter Luk\u00e1\u0161 Musil | Krist\u00fdna Malovan\u00e1 _customized_minimalistic<\/title>\n<meta name=\"robots\" content=\"index, follow, max-snippet:-1, max-image-preview:large, max-video-preview:-1\" \/>\n<link rel=\"canonical\" href=\"https:\/\/www.kristynamalovana.com\/en\/product\/earring-in-collaboration-with-painter-lukas-musil\/\" \/>\n<meta property=\"og:locale\" content=\"en_US\" \/>\n<meta property=\"og:type\" content=\"article\" \/>\n<meta property=\"og:title\" content=\"Earring in collaboration with painter Luk\u00e1\u0161 Musil | Krist\u00fdna Malovan\u00e1 _customized_minimalistic\" \/>\n<meta property=\"og:description\" content=\"These gold earrings were custom-made, once again in collaboration with Lukas Musil, who invited me to work on the project. It was my pleasure! The earrings are tiny\u2014designed to sit on the earlobe\u2014as per the request. And they\u2019re based on Lukas\u2019s sketch. I then played around a bit with the proportions and the final design. [&hellip;]\" \/>\n<meta property=\"og:url\" content=\"https:\/\/www.kristynamalovana.com\/en\/product\/earring-in-collaboration-with-painter-lukas-musil\/\" \/>\n<meta property=\"og:site_name\" content=\"Krist\u00fdna Malovan\u00e1\" \/>\n<meta property=\"article:publisher\" content=\"https:\/\/www.facebook.com\/Krist%c3%bdna-Malovan%c3%a1-jewellery-1530537500581713\/\" \/>\n<meta property=\"article:modified_time\" content=\"2026-04-26T13:10:13+00:00\" \/>\n<meta property=\"og:image\" content=\"https:\/\/www.kristynamalovana.com\/wp-content\/uploads\/2026\/04\/kristyna_malovana_duben_2026_32858.jpg\" \/>\n\t<meta property=\"og:image:width\" content=\"2560\" \/>\n\t<meta property=\"og:image:height\" content=\"1706\" \/>\n\t<meta property=\"og:image:type\" content=\"image\/jpeg\" \/>\n<meta name=\"twitter:card\" content=\"summary_large_image\" \/>\n<meta name=\"twitter:label1\" content=\"Est. reading time\" \/>\n\t<meta name=\"twitter:data1\" content=\"1 minute\" \/>\n<script type=\"application\/ld+json\" class=\"yoast-schema-graph\">{\"@context\":\"https:\/\/schema.org\",\"@graph\":[{\"@type\":\"WebPage\",\"@id\":\"https:\/\/www.kristynamalovana.com\/en\/product\/earring-in-collaboration-with-painter-lukas-musil\/\",\"url\":\"https:\/\/www.kristynamalovana.com\/en\/product\/earring-in-collaboration-with-painter-lukas-musil\/\",\"name\":\"Earring in collaboration with painter Luk\u00e1\u0161 Musil | Krist\u00fdna Malovan\u00e1 _customized_minimalistic\",\"isPartOf\":{\"@id\":\"https:\/\/www.kristynamalovana.com\/en\/#website\"},\"datePublished\":\"2026-04-21T09:21:51+00:00\",\"dateModified\":\"2026-04-26T13:10:13+00:00\",\"breadcrumb\":{\"@id\":\"https:\/\/www.kristynamalovana.com\/en\/product\/earring-in-collaboration-with-painter-lukas-musil\/#breadcrumb\"},\"inLanguage\":\"en-US\",\"potentialAction\":[{\"@type\":\"ReadAction\",\"target\":[\"https:\/\/www.kristynamalovana.com\/en\/product\/earring-in-collaboration-with-painter-lukas-musil\/\"]}]},{\"@type\":\"BreadcrumbList\",\"@id\":\"https:\/\/www.kristynamalovana.com\/en\/product\/earring-in-collaboration-with-painter-lukas-musil\/#breadcrumb\",\"itemListElement\":[{\"@type\":\"ListItem\",\"position\":1,\"name\":\"Dom\u016f\",\"item\":\"https:\/\/www.kristynamalovana.com\/en\/\"},{\"@type\":\"ListItem\",\"position\":2,\"name\":\"Eshop\",\"item\":\"https:\/\/www.kristynamalovana.com\/en\/eshop\/\"},{\"@type\":\"ListItem\",\"position\":3,\"name\":\"Earring in collaboration with painter Luk\u00e1\u0161 Musil\"}]},{\"@type\":\"WebSite\",\"@id\":\"https:\/\/www.kristynamalovana.com\/en\/#website\",\"url\":\"https:\/\/www.kristynamalovana.com\/en\/\",\"name\":\"Krist\u00fdna Malovan\u00e1\",\"description\":\"popis\",\"potentialAction\":[{\"@type\":\"SearchAction\",\"target\":{\"@type\":\"EntryPoint\",\"urlTemplate\":\"https:\/\/www.kristynamalovana.com\/en\/?s={search_term_string}\"},\"query-input\":\"required name=search_term_string\"}],\"inLanguage\":\"en-US\"}]}<\/script>\n<!-- \/ Yoast SEO plugin. -->","yoast_head_json":{"title":"Earring in collaboration with painter Luk\u00e1\u0161 Musil | Krist\u00fdna Malovan\u00e1 _customized_minimalistic","robots":{"index":"index","follow":"follow","max-snippet":"max-snippet:-1","max-image-preview":"max-image-preview:large","max-video-preview":"max-video-preview:-1"},"canonical":"https:\/\/www.kristynamalovana.com\/en\/product\/earring-in-collaboration-with-painter-lukas-musil\/","og_locale":"en_US","og_type":"article","og_title":"Earring in collaboration with painter Luk\u00e1\u0161 Musil | Krist\u00fdna Malovan\u00e1 _customized_minimalistic","og_description":"These gold earrings were custom-made, once again in collaboration with Lukas Musil, who invited me to work on the project. It was my pleasure! The earrings are tiny\u2014designed to sit on the earlobe\u2014as per the request. And they\u2019re based on Lukas\u2019s sketch. I then played around a bit with the proportions and the final design. [&hellip;]","og_url":"https:\/\/www.kristynamalovana.com\/en\/product\/earring-in-collaboration-with-painter-lukas-musil\/","og_site_name":"Krist\u00fdna Malovan\u00e1","article_publisher":"https:\/\/www.facebook.com\/Krist%c3%bdna-Malovan%c3%a1-jewellery-1530537500581713\/","article_modified_time":"2026-04-26T13:10:13+00:00","og_image":[{"width":2560,"height":1706,"url":"https:\/\/www.kristynamalovana.com\/wp-content\/uploads\/2026\/04\/kristyna_malovana_duben_2026_32858.jpg","type":"image\/jpeg"}],"twitter_card":"summary_large_image","twitter_misc":{"Est. reading time":"1 minute"},"schema":{"@context":"https:\/\/schema.org","@graph":[{"@type":"WebPage","@id":"https:\/\/www.kristynamalovana.com\/en\/product\/earring-in-collaboration-with-painter-lukas-musil\/","url":"https:\/\/www.kristynamalovana.com\/en\/product\/earring-in-collaboration-with-painter-lukas-musil\/","name":"Earring in collaboration with painter Luk\u00e1\u0161 Musil | Krist\u00fdna Malovan\u00e1 _customized_minimalistic","isPartOf":{"@id":"https:\/\/www.kristynamalovana.com\/en\/#website"},"datePublished":"2026-04-21T09:21:51+00:00","dateModified":"2026-04-26T13:10:13+00:00","breadcrumb":{"@id":"https:\/\/www.kristynamalovana.com\/en\/product\/earring-in-collaboration-with-painter-lukas-musil\/#breadcrumb"},"inLanguage":"en-US","potentialAction":[{"@type":"ReadAction","target":["https:\/\/www.kristynamalovana.com\/en\/product\/earring-in-collaboration-with-painter-lukas-musil\/"]}]},{"@type":"BreadcrumbList","@id":"https:\/\/www.kristynamalovana.com\/en\/product\/earring-in-collaboration-with-painter-lukas-musil\/#breadcrumb","itemListElement":[{"@type":"ListItem","position":1,"name":"Dom\u016f","item":"https:\/\/www.kristynamalovana.com\/en\/"},{"@type":"ListItem","position":2,"name":"Eshop","item":"https:\/\/www.kristynamalovana.com\/en\/eshop\/"},{"@type":"ListItem","position":3,"name":"Earring in collaboration with painter Luk\u00e1\u0161 Musil"}]},{"@type":"WebSite","@id":"https:\/\/www.kristynamalovana.com\/en\/#website","url":"https:\/\/www.kristynamalovana.com\/en\/","name":"Krist\u00fdna Malovan\u00e1","description":"popis","potentialAction":[{"@type":"SearchAction","target":{"@type":"EntryPoint","urlTemplate":"https:\/\/www.kristynamalovana.com\/en\/?s={search_term_string}"},"query-input":"required name=search_term_string"}],"inLanguage":"en-US"}]}},"jetpack_sharing_enabled":true,"_links":{"self":[{"href":"https:\/\/www.kristynamalovana.com\/en\/wp-json\/wp\/v2\/product\/13111","targetHints":{"allow":["GET"]}}],"collection":[{"href":"https:\/\/www.kristynamalovana.com\/en\/wp-json\/wp\/v2\/product"}],"about":[{"href":"https:\/\/www.kristynamalovana.com\/en\/wp-json\/wp\/v2\/types\/product"}],"wp:featuredmedia":[{"embeddable":true,"href":"https:\/\/www.kristynamalovana.com\/en\/wp-json\/wp\/v2\/media\/13113"}],"wp:attachment":[{"href":"https:\/\/www.kristynamalovana.com\/en\/wp-json\/wp\/v2\/media?parent=13111"}],"wp:term":[{"taxonomy":"product_cat","embeddable":true,"href":"https:\/\/www.kristynamalovana.com\/en\/wp-json\/wp\/v2\/product_cat?post=13111"},{"taxonomy":"product_tag","embeddable":true,"href":"https:\/\/www.kristynamalovana.com\/en\/wp-json\/wp\/v2\/product_tag?post=13111"}],"curies":[{"name":"wp","href":"https:\/\/api.w.org\/{rel}","templated":true}]}}