{"id":12634,"date":"2026-02-20T11:46:55","date_gmt":"2026-02-20T09:46:55","guid":{"rendered":"https:\/\/www.kristynamalovana.com\/?post_type=product&#038;p=12634"},"modified":"2026-03-08T18:14:48","modified_gmt":"2026-03-08T16:14:48","slug":"engagement-ring-in-cooperation-with-painter-lukas-musil","status":"publish","type":"product","link":"https:\/\/www.kristynamalovana.com\/en\/product\/engagement-ring-in-cooperation-with-painter-lukas-musil\/","title":{"rendered":"Engagement ring in cooperation with painter Luk\u00e1\u0161 Musil"},"content":{"rendered":"<div id=\"pl-12634\"  class=\"panel-layout\" ><div id=\"pg-12634-0\"  class=\"panel-grid panel-no-style\" ><div id=\"pgc-12634-0-0\"  class=\"panel-grid-cell\" ><div id=\"panel-12634-0-0-0\" class=\"so-panel widget widget_sow-editor panel-first-child\" data-index=\"0\" ><div\n\t\t\t\n\t\t\tclass=\"so-widget-sow-editor so-widget-sow-editor-base\"\n\t\t\t\n\t\t>\n<div class=\"siteorigin-widget-tinymce textwidget\">\n\t<p><span style=\"color: #22242b;\"><em><a style=\"color: #22242b;\" href=\"https:\/\/www.kristynamalovana.com\/wp-content\/uploads\/2026\/02\/km-01.mov\" target=\"_blank\" rel=\"noopener\">&gt; VIDEO &lt;<\/a><\/em><\/span><\/p>\n<p><span style=\"font-weight: 400;\">Luk\u00e1\u0161 and I have been friends for many years. We have mutual respect for each other's work and more. So I was very happy when he invited me to participate in this very unique project: to design an engagement ring based on Luk\u00e1\u0161's drawings. We had been planning to do something together for a long time, so this ring was a pleasant start for me. I studied his drawings, looking for something that would work in 3D, retain its delicate character and simplicity, and capture the story behind each drawing, each line... the strength and delicacy of the stroke.<\/span><\/p>\n<p>Customized<\/p>\n<p>2025\/2026<\/p>\n<\/div>\n<\/div><\/div><div id=\"panel-12634-0-0-1\" class=\"widget_text so-panel widget widget_custom_html\" data-index=\"1\" ><div class=\"textwidget custom-html-widget\"><div class=\"video-container\" style=\"width: 100%; max-height: 450px; overflow: hidden; line-height: 0;\">\n  <video \n    autoplay \n    muted \n    loop \n    playsinline \n    preload=\"auto\" \n    style=\"width: 100%; height: 450px; max-height: 450px; display: block; object-fit: cover;\"\n  >\n    <source src=\"https:\/\/www.kristynamalovana.com\/wp-content\/uploads\/2026\/02\/km-01.mov\" type=\"video\/quicktime\">\n    <source src=\"https:\/\/www.kristynamalovana.com\/wp-content\/uploads\/2026\/02\/km-01.mov\" type=\"video\/mp4\">\n    Your browser does not support the video tag.\n  <\/video>\n<\/div><\/div><\/div><div id=\"panel-12634-0-0-2\" class=\"so-panel widget widget_spacer panel-last-child\" data-index=\"2\" ><div\n\t\t\t\n\t\t\tclass=\"so-widget-spacer so-widget-spacer-spacer-style-d75171398898-12634\"\n\t\t\t\n\t\t>\r\n\r\n\r\n\r\n\r\n<div class=\"spacer\" style=\"height: 20px\">\r\n<\/div><\/div><\/div><\/div><\/div><\/div>","protected":false},"excerpt":{"rendered":"<p>&gt; VIDEO &lt; Luk\u00e1\u0161 and I have been friends for many years. We have mutual respect for each other&#8217;s work and more. So I was very happy when he invited me to participate in this very unique project: to design an engagement ring based on Luk\u00e1\u0161&#8217;s drawings. We had been planning to do something together [&hellip;]<\/p>\n","protected":false},"featured_media":12638,"template":"","meta":{"inline_featured_image":false,"jetpack_post_was_ever_published":false,"jetpack_publicize_message":"","jetpack_is_tweetstorm":false,"jetpack_publicize_feature_enabled":true,"jetpack_social_post_already_shared":true,"jetpack_social_options":{"image_generator_settings":{"template":"highway","enabled":false}}},"product_cat":[237],"product_tag":[],"class_list":{"0":"post-12634","1":"product","2":"type-product","3":"status-publish","4":"has-post-thumbnail","6":"product_cat-uncategorized","7":"pa_collection-engagement-ring","8":"pa_collection-custom-made","9":"pa_material-au-585-1000-yellow-gold-14-kt","10":"pa_products-engagement-rings","11":"pa_products-ring","13":"first","14":"onbackorder","15":"shipping-taxable","16":"product-type-simple"},"jetpack_publicize_connections":[],"yoast_head":"<!-- This site is optimized with the Yoast SEO plugin v21.7 - https:\/\/yoast.com\/wordpress\/plugins\/seo\/ -->\n<title>Engagement ring in cooperation with painter Luk\u00e1\u0161 Musil | Krist\u00fdna Malovan\u00e1 _customized_minimalistic<\/title>\n<meta name=\"robots\" content=\"index, follow, max-snippet:-1, max-image-preview:large, max-video-preview:-1\" \/>\n<link rel=\"canonical\" href=\"https:\/\/www.kristynamalovana.com\/en\/product\/engagement-ring-in-cooperation-with-painter-lukas-musil\/\" \/>\n<meta property=\"og:locale\" content=\"en_US\" \/>\n<meta property=\"og:type\" content=\"article\" \/>\n<meta property=\"og:title\" content=\"Engagement ring in cooperation with painter Luk\u00e1\u0161 Musil | Krist\u00fdna Malovan\u00e1 _customized_minimalistic\" \/>\n<meta property=\"og:description\" content=\"&gt; VIDEO &lt; Luk\u00e1\u0161 and I have been friends for many years. We have mutual respect for each other&#039;s work and more. So I was very happy when he invited me to participate in this very unique project: to design an engagement ring based on Luk\u00e1\u0161&#039;s drawings. We had been planning to do something together [&hellip;]\" \/>\n<meta property=\"og:url\" content=\"https:\/\/www.kristynamalovana.com\/en\/product\/engagement-ring-in-cooperation-with-painter-lukas-musil\/\" \/>\n<meta property=\"og:site_name\" content=\"Krist\u00fdna Malovan\u00e1\" \/>\n<meta property=\"article:publisher\" content=\"https:\/\/www.facebook.com\/Krist%c3%bdna-Malovan%c3%a1-jewellery-1530537500581713\/\" \/>\n<meta property=\"article:modified_time\" content=\"2026-03-08T16:14:48+00:00\" \/>\n<meta property=\"og:image\" content=\"https:\/\/www.kristynamalovana.com\/wp-content\/uploads\/2026\/02\/kri_01-scaled.jpg\" \/>\n\t<meta property=\"og:image:width\" content=\"2560\" \/>\n\t<meta property=\"og:image:height\" content=\"1707\" \/>\n\t<meta property=\"og:image:type\" content=\"image\/jpeg\" \/>\n<meta name=\"twitter:card\" content=\"summary_large_image\" \/>\n<meta name=\"twitter:label1\" content=\"Est. reading time\" \/>\n\t<meta name=\"twitter:data1\" content=\"1 minute\" \/>\n<script type=\"application\/ld+json\" class=\"yoast-schema-graph\">{\"@context\":\"https:\/\/schema.org\",\"@graph\":[{\"@type\":\"WebPage\",\"@id\":\"https:\/\/www.kristynamalovana.com\/en\/product\/engagement-ring-in-cooperation-with-painter-lukas-musil\/\",\"url\":\"https:\/\/www.kristynamalovana.com\/en\/product\/engagement-ring-in-cooperation-with-painter-lukas-musil\/\",\"name\":\"Engagement ring in cooperation with painter Luk\u00e1\u0161 Musil | Krist\u00fdna Malovan\u00e1 _customized_minimalistic\",\"isPartOf\":{\"@id\":\"https:\/\/www.kristynamalovana.com\/en\/#website\"},\"datePublished\":\"2026-02-20T09:46:55+00:00\",\"dateModified\":\"2026-03-08T16:14:48+00:00\",\"breadcrumb\":{\"@id\":\"https:\/\/www.kristynamalovana.com\/en\/product\/engagement-ring-in-cooperation-with-painter-lukas-musil\/#breadcrumb\"},\"inLanguage\":\"en-US\",\"potentialAction\":[{\"@type\":\"ReadAction\",\"target\":[\"https:\/\/www.kristynamalovana.com\/en\/product\/engagement-ring-in-cooperation-with-painter-lukas-musil\/\"]}]},{\"@type\":\"BreadcrumbList\",\"@id\":\"https:\/\/www.kristynamalovana.com\/en\/product\/engagement-ring-in-cooperation-with-painter-lukas-musil\/#breadcrumb\",\"itemListElement\":[{\"@type\":\"ListItem\",\"position\":1,\"name\":\"Dom\u016f\",\"item\":\"https:\/\/www.kristynamalovana.com\/en\/\"},{\"@type\":\"ListItem\",\"position\":2,\"name\":\"Eshop\",\"item\":\"https:\/\/www.kristynamalovana.com\/en\/eshop\/\"},{\"@type\":\"ListItem\",\"position\":3,\"name\":\"Engagement ring in cooperation with painter Luk\u00e1\u0161 Musil\"}]},{\"@type\":\"WebSite\",\"@id\":\"https:\/\/www.kristynamalovana.com\/en\/#website\",\"url\":\"https:\/\/www.kristynamalovana.com\/en\/\",\"name\":\"Krist\u00fdna Malovan\u00e1\",\"description\":\"popis\",\"potentialAction\":[{\"@type\":\"SearchAction\",\"target\":{\"@type\":\"EntryPoint\",\"urlTemplate\":\"https:\/\/www.kristynamalovana.com\/en\/?s={search_term_string}\"},\"query-input\":\"required name=search_term_string\"}],\"inLanguage\":\"en-US\"}]}<\/script>\n<!-- \/ Yoast SEO plugin. -->","yoast_head_json":{"title":"Engagement ring in cooperation with painter Luk\u00e1\u0161 Musil | Krist\u00fdna Malovan\u00e1 _customized_minimalistic","robots":{"index":"index","follow":"follow","max-snippet":"max-snippet:-1","max-image-preview":"max-image-preview:large","max-video-preview":"max-video-preview:-1"},"canonical":"https:\/\/www.kristynamalovana.com\/en\/product\/engagement-ring-in-cooperation-with-painter-lukas-musil\/","og_locale":"en_US","og_type":"article","og_title":"Engagement ring in cooperation with painter Luk\u00e1\u0161 Musil | Krist\u00fdna Malovan\u00e1 _customized_minimalistic","og_description":"&gt; VIDEO &lt; Luk\u00e1\u0161 and I have been friends for many years. We have mutual respect for each other's work and more. So I was very happy when he invited me to participate in this very unique project: to design an engagement ring based on Luk\u00e1\u0161's drawings. We had been planning to do something together [&hellip;]","og_url":"https:\/\/www.kristynamalovana.com\/en\/product\/engagement-ring-in-cooperation-with-painter-lukas-musil\/","og_site_name":"Krist\u00fdna Malovan\u00e1","article_publisher":"https:\/\/www.facebook.com\/Krist%c3%bdna-Malovan%c3%a1-jewellery-1530537500581713\/","article_modified_time":"2026-03-08T16:14:48+00:00","og_image":[{"width":2560,"height":1707,"url":"https:\/\/www.kristynamalovana.com\/wp-content\/uploads\/2026\/02\/kri_01-scaled.jpg","type":"image\/jpeg"}],"twitter_card":"summary_large_image","twitter_misc":{"Est. reading time":"1 minute"},"schema":{"@context":"https:\/\/schema.org","@graph":[{"@type":"WebPage","@id":"https:\/\/www.kristynamalovana.com\/en\/product\/engagement-ring-in-cooperation-with-painter-lukas-musil\/","url":"https:\/\/www.kristynamalovana.com\/en\/product\/engagement-ring-in-cooperation-with-painter-lukas-musil\/","name":"Engagement ring in cooperation with painter Luk\u00e1\u0161 Musil | Krist\u00fdna Malovan\u00e1 _customized_minimalistic","isPartOf":{"@id":"https:\/\/www.kristynamalovana.com\/en\/#website"},"datePublished":"2026-02-20T09:46:55+00:00","dateModified":"2026-03-08T16:14:48+00:00","breadcrumb":{"@id":"https:\/\/www.kristynamalovana.com\/en\/product\/engagement-ring-in-cooperation-with-painter-lukas-musil\/#breadcrumb"},"inLanguage":"en-US","potentialAction":[{"@type":"ReadAction","target":["https:\/\/www.kristynamalovana.com\/en\/product\/engagement-ring-in-cooperation-with-painter-lukas-musil\/"]}]},{"@type":"BreadcrumbList","@id":"https:\/\/www.kristynamalovana.com\/en\/product\/engagement-ring-in-cooperation-with-painter-lukas-musil\/#breadcrumb","itemListElement":[{"@type":"ListItem","position":1,"name":"Dom\u016f","item":"https:\/\/www.kristynamalovana.com\/en\/"},{"@type":"ListItem","position":2,"name":"Eshop","item":"https:\/\/www.kristynamalovana.com\/en\/eshop\/"},{"@type":"ListItem","position":3,"name":"Engagement ring in cooperation with painter Luk\u00e1\u0161 Musil"}]},{"@type":"WebSite","@id":"https:\/\/www.kristynamalovana.com\/en\/#website","url":"https:\/\/www.kristynamalovana.com\/en\/","name":"Krist\u00fdna Malovan\u00e1","description":"popis","potentialAction":[{"@type":"SearchAction","target":{"@type":"EntryPoint","urlTemplate":"https:\/\/www.kristynamalovana.com\/en\/?s={search_term_string}"},"query-input":"required name=search_term_string"}],"inLanguage":"en-US"}]}},"jetpack_sharing_enabled":true,"_links":{"self":[{"href":"https:\/\/www.kristynamalovana.com\/en\/wp-json\/wp\/v2\/product\/12634","targetHints":{"allow":["GET"]}}],"collection":[{"href":"https:\/\/www.kristynamalovana.com\/en\/wp-json\/wp\/v2\/product"}],"about":[{"href":"https:\/\/www.kristynamalovana.com\/en\/wp-json\/wp\/v2\/types\/product"}],"wp:featuredmedia":[{"embeddable":true,"href":"https:\/\/www.kristynamalovana.com\/en\/wp-json\/wp\/v2\/media\/12638"}],"wp:attachment":[{"href":"https:\/\/www.kristynamalovana.com\/en\/wp-json\/wp\/v2\/media?parent=12634"}],"wp:term":[{"taxonomy":"product_cat","embeddable":true,"href":"https:\/\/www.kristynamalovana.com\/en\/wp-json\/wp\/v2\/product_cat?post=12634"},{"taxonomy":"product_tag","embeddable":true,"href":"https:\/\/www.kristynamalovana.com\/en\/wp-json\/wp\/v2\/product_tag?post=12634"}],"curies":[{"name":"wp","href":"https:\/\/api.w.org\/{rel}","templated":true}]}}