{"id":899,"date":"2018-04-05T14:27:33","date_gmt":"2018-04-05T12:27:33","guid":{"rendered":"http:\/\/kristynamalovana.com\/?page_id=899"},"modified":"2018-04-06T12:44:30","modified_gmt":"2018-04-06T10:44:30","slug":"collections-2","status":"publish","type":"page","link":"https:\/\/www.kristynamalovana.com\/en\/collections-2\/","title":{"rendered":"Collections &#8211; links to shop"},"content":{"rendered":"<div id=\"pl-899\"  class=\"panel-layout\" ><div id=\"pg-899-0\"  class=\"panel-grid panel-no-style\" ><div id=\"pgc-899-0-0\"  class=\"panel-grid-cell\" ><ul class=\"wooc_sclist\">        \r\n          <li>\r\n            <a href=\"https:\/\/www.kristynamalovana.com\/en\/store\/nezarazene\/\">\r\n              <img decoding=\"async\" src=\"\" \/>\r\n              <h2>Neza\u0159azen\u00e9<\/h2>\r\n            <\/a>\r\n          <\/li>\r\n        \r\n                \r\n          <li>\r\n            <a href=\"https:\/\/www.kristynamalovana.com\/en\/store\/uncategorized\/\">\r\n              <img decoding=\"async\" src=\"\" \/>\r\n              <h2>Uncategorized<\/h2>\r\n            <\/a>\r\n          <\/li>\r\n        \r\n                \r\n          <li>\r\n            <a href=\"https:\/\/www.kristynamalovana.com\/en\/store\/uncategorized-cs-3\/\">\r\n              <img decoding=\"async\" src=\"\" \/>\r\n              <h2>Uncategorized @cs<\/h2>\r\n            <\/a>\r\n          <\/li>\r\n        \r\n        <\/ul><\/div><\/div><\/div>","protected":false},"excerpt":{"rendered":"<p>Neza\u0159azen\u00e9 Uncategorized Uncategorized @cs<\/p>\n","protected":false},"author":1,"featured_media":0,"parent":0,"menu_order":0,"comment_status":"closed","ping_status":"closed","template":"","meta":{"inline_featured_image":false,"jetpack_post_was_ever_published":false,"footnotes":""},"class_list":["post-899","page","type-page","status-publish","hentry"],"yoast_head":"<!-- This site is optimized with the Yoast SEO plugin v21.7 - https:\/\/yoast.com\/wordpress\/plugins\/seo\/ -->\n<title>Collections - links to shop | Krist\u00fdna Malovan\u00e1<\/title>\n<meta name=\"robots\" content=\"index, follow, max-snippet:-1, max-image-preview:large, max-video-preview:-1\" \/>\n<link rel=\"canonical\" href=\"https:\/\/www.kristynamalovana.com\/en\/collections-2\/\" \/>\n<meta property=\"og:locale\" content=\"en_US\" \/>\n<meta property=\"og:type\" content=\"article\" \/>\n<meta property=\"og:title\" content=\"Collections - links to shop | Krist\u00fdna Malovan\u00e1\" \/>\n<meta property=\"og:description\" content=\"Neza\u0159azen\u00e9 Uncategorized Uncategorized @cs\" \/>\n<meta property=\"og:url\" content=\"https:\/\/www.kristynamalovana.com\/en\/collections-2\/\" \/>\n<meta property=\"og:site_name\" content=\"Krist\u00fdna Malovan\u00e1\" \/>\n<meta property=\"article:publisher\" content=\"https:\/\/www.facebook.com\/Krist%c3%bdna-Malovan%c3%a1-jewellery-1530537500581713\/\" \/>\n<meta property=\"article:modified_time\" content=\"2018-04-06T10:44:30+00:00\" \/>\n<meta name=\"twitter:card\" content=\"summary_large_image\" \/>\n<script type=\"application\/ld+json\" class=\"yoast-schema-graph\">{\"@context\":\"https:\/\/schema.org\",\"@graph\":[{\"@type\":\"WebPage\",\"@id\":\"https:\/\/www.kristynamalovana.com\/en\/collections-2\/\",\"url\":\"https:\/\/www.kristynamalovana.com\/en\/collections-2\/\",\"name\":\"Collections - links to shop | Krist\u00fdna Malovan\u00e1\",\"isPartOf\":{\"@id\":\"https:\/\/www.kristynamalovana.com\/en\/#website\"},\"datePublished\":\"2018-04-05T12:27:33+00:00\",\"dateModified\":\"2018-04-06T10:44:30+00:00\",\"breadcrumb\":{\"@id\":\"https:\/\/www.kristynamalovana.com\/en\/collections-2\/#breadcrumb\"},\"inLanguage\":\"en-US\",\"potentialAction\":[{\"@type\":\"ReadAction\",\"target\":[\"https:\/\/www.kristynamalovana.com\/en\/collections-2\/\"]}]},{\"@type\":\"BreadcrumbList\",\"@id\":\"https:\/\/www.kristynamalovana.com\/en\/collections-2\/#breadcrumb\",\"itemListElement\":[{\"@type\":\"ListItem\",\"position\":1,\"name\":\"Dom\u016f\",\"item\":\"https:\/\/www.kristynamalovana.com\/en\/\"},{\"@type\":\"ListItem\",\"position\":2,\"name\":\"Collections &#8211; links to shop\"}]},{\"@type\":\"WebSite\",\"@id\":\"https:\/\/www.kristynamalovana.com\/en\/#website\",\"url\":\"https:\/\/www.kristynamalovana.com\/en\/\",\"name\":\"Krist\u00fdna Malovan\u00e1\",\"description\":\"popis\",\"potentialAction\":[{\"@type\":\"SearchAction\",\"target\":{\"@type\":\"EntryPoint\",\"urlTemplate\":\"https:\/\/www.kristynamalovana.com\/en\/?s={search_term_string}\"},\"query-input\":\"required name=search_term_string\"}],\"inLanguage\":\"en-US\"}]}<\/script>\n<!-- \/ Yoast SEO plugin. -->","yoast_head_json":{"title":"Collections - links to shop | Krist\u00fdna Malovan\u00e1","robots":{"index":"index","follow":"follow","max-snippet":"max-snippet:-1","max-image-preview":"max-image-preview:large","max-video-preview":"max-video-preview:-1"},"canonical":"https:\/\/www.kristynamalovana.com\/en\/collections-2\/","og_locale":"en_US","og_type":"article","og_title":"Collections - links to shop | Krist\u00fdna Malovan\u00e1","og_description":"Neza\u0159azen\u00e9 Uncategorized Uncategorized @cs","og_url":"https:\/\/www.kristynamalovana.com\/en\/collections-2\/","og_site_name":"Krist\u00fdna Malovan\u00e1","article_publisher":"https:\/\/www.facebook.com\/Krist%c3%bdna-Malovan%c3%a1-jewellery-1530537500581713\/","article_modified_time":"2018-04-06T10:44:30+00:00","twitter_card":"summary_large_image","schema":{"@context":"https:\/\/schema.org","@graph":[{"@type":"WebPage","@id":"https:\/\/www.kristynamalovana.com\/en\/collections-2\/","url":"https:\/\/www.kristynamalovana.com\/en\/collections-2\/","name":"Collections - links to shop | Krist\u00fdna Malovan\u00e1","isPartOf":{"@id":"https:\/\/www.kristynamalovana.com\/en\/#website"},"datePublished":"2018-04-05T12:27:33+00:00","dateModified":"2018-04-06T10:44:30+00:00","breadcrumb":{"@id":"https:\/\/www.kristynamalovana.com\/en\/collections-2\/#breadcrumb"},"inLanguage":"en-US","potentialAction":[{"@type":"ReadAction","target":["https:\/\/www.kristynamalovana.com\/en\/collections-2\/"]}]},{"@type":"BreadcrumbList","@id":"https:\/\/www.kristynamalovana.com\/en\/collections-2\/#breadcrumb","itemListElement":[{"@type":"ListItem","position":1,"name":"Dom\u016f","item":"https:\/\/www.kristynamalovana.com\/en\/"},{"@type":"ListItem","position":2,"name":"Collections &#8211; links to shop"}]},{"@type":"WebSite","@id":"https:\/\/www.kristynamalovana.com\/en\/#website","url":"https:\/\/www.kristynamalovana.com\/en\/","name":"Krist\u00fdna Malovan\u00e1","description":"popis","potentialAction":[{"@type":"SearchAction","target":{"@type":"EntryPoint","urlTemplate":"https:\/\/www.kristynamalovana.com\/en\/?s={search_term_string}"},"query-input":"required name=search_term_string"}],"inLanguage":"en-US"}]}},"jetpack_sharing_enabled":true,"jetpack_shortlink":"https:\/\/wp.me\/PaePZx-ev","_links":{"self":[{"href":"https:\/\/www.kristynamalovana.com\/en\/wp-json\/wp\/v2\/pages\/899","targetHints":{"allow":["GET"]}}],"collection":[{"href":"https:\/\/www.kristynamalovana.com\/en\/wp-json\/wp\/v2\/pages"}],"about":[{"href":"https:\/\/www.kristynamalovana.com\/en\/wp-json\/wp\/v2\/types\/page"}],"author":[{"embeddable":true,"href":"https:\/\/www.kristynamalovana.com\/en\/wp-json\/wp\/v2\/users\/1"}],"replies":[{"embeddable":true,"href":"https:\/\/www.kristynamalovana.com\/en\/wp-json\/wp\/v2\/comments?post=899"}],"version-history":[{"count":6,"href":"https:\/\/www.kristynamalovana.com\/en\/wp-json\/wp\/v2\/pages\/899\/revisions"}],"predecessor-version":[{"id":905,"href":"https:\/\/www.kristynamalovana.com\/en\/wp-json\/wp\/v2\/pages\/899\/revisions\/905"}],"wp:attachment":[{"href":"https:\/\/www.kristynamalovana.com\/en\/wp-json\/wp\/v2\/media?parent=899"}],"curies":[{"name":"wp","href":"https:\/\/api.w.org\/{rel}","templated":true}]}}